{"id":776,"date":"2022-10-11T17:39:49","date_gmt":"2022-10-11T15:39:49","guid":{"rendered":"https:\/\/toulouseic.fr\/toulouseic.fr\/?page_id=776"},"modified":"2025-09-26T16:31:31","modified_gmt":"2025-09-26T14:31:31","slug":"devenir-partenaire","status":"publish","type":"page","link":"https:\/\/toulouseic.fr\/toulouseic.fr\/devenir-partenaire\/","title":{"rendered":"Devenir partenaire"},"content":{"rendered":"\t\t<div data-elementor-type=\"wp-page\" data-elementor-id=\"776\" class=\"elementor elementor-776\">\n\t\t\t\t\t\t<section class=\"elementor-section elementor-top-section elementor-element elementor-element-rn3enw0 elementor-section-boxed elementor-section-height-default elementor-section-height-default\" data-id=\"rn3enw0\" data-element_type=\"section\" data-e-type=\"section\" data-settings=\"{&quot;background_background&quot;:&quot;classic&quot;}\">\n\t\t\t\t\t\t\t<div class=\"elementor-background-overlay\"><\/div>\n\t\t\t\t\t\t\t<div class=\"elementor-container elementor-column-gap-default\">\n\t\t\t\t\t<div class=\"elementor-column elementor-col-100 elementor-top-column elementor-element elementor-element-90988fe\" data-id=\"90988fe\" data-element_type=\"column\" data-e-type=\"column\">\n\t\t\t<div class=\"elementor-widget-wrap elementor-element-populated\">\n\t\t\t\t\t\t<div class=\"elementor-element elementor-element-4a1c612 elementor-widget elementor-widget-heading\" data-id=\"4a1c612\" data-element_type=\"widget\" data-e-type=\"widget\" data-widget_type=\"heading.default\">\n\t\t\t\t<div class=\"elementor-widget-container\">\n\t\t\t\t\t<h1 class=\"elementor-heading-title elementor-size-default\">Devenir partenaire<\/h1>\t\t\t\t<\/div>\n\t\t\t\t<\/div>\n\t\t\t\t\t<\/div>\n\t\t<\/div>\n\t\t\t\t\t<\/div>\n\t\t<\/section>\n\t\t\t\t<section class=\"elementor-section elementor-top-section elementor-element elementor-element-1h31c13 elementor-section-content-middle elementor-section-boxed elementor-section-height-default elementor-section-height-default\" data-id=\"1h31c13\" data-element_type=\"section\" data-e-type=\"section\">\n\t\t\t\t\t\t\t<div class=\"elementor-background-overlay\"><\/div>\n\t\t\t\t\t\t\t<div class=\"elementor-container elementor-column-gap-no\">\n\t\t\t\t\t<div class=\"elementor-column elementor-col-100 elementor-top-column elementor-element elementor-element-da6ae65\" data-id=\"da6ae65\" data-element_type=\"column\" data-e-type=\"column\">\n\t\t\t<div class=\"elementor-widget-wrap elementor-element-populated\">\n\t\t\t\t\t\t<div class=\"elementor-element elementor-element-b0fabca elementor-widget elementor-widget-image-box\" data-id=\"b0fabca\" data-element_type=\"widget\" data-e-type=\"widget\" data-widget_type=\"image-box.default\">\n\t\t\t\t<div class=\"elementor-widget-container\">\n\t\t\t\t\t<div class=\"elementor-image-box-wrapper\"><div class=\"elementor-image-box-content\"><h2 class=\"elementor-image-box-title\">Pourquoi devenir partenaire du toulouse iron club ? <br><\/h2><p class=\"elementor-image-box-description\">A travers le partenariat propos\u00e9, les sponsors aideront le club \u00e0 remplir sa mission sociale, et bien entendu sportive, avec comme objectif le d\u00e9veloppement du Basket Fauteuil aupr\u00e8s des personnes en situation de handicap, jeunes et moins jeunes. <br><br>Vous profiterez d'un grand nombre de supports publicitaires, que cela soit dans le cadres d'un partenariat ou d'un m\u00e9c\u00e9nat.<br><br>Pour plus d'information n'h\u00e9sitez pas \u00e0 contacter notre pr\u00e9sident : Jean-Pierre LOURADOUR : <\/p><\/div><\/div>\t\t\t\t<\/div>\n\t\t\t\t<\/div>\n\t\t\t\t\t<\/div>\n\t\t<\/div>\n\t\t\t\t\t<\/div>\n\t\t<\/section>\n\t\t\t\t<section class=\"elementor-section elementor-top-section elementor-element elementor-element-a8f2036 elementor-section-boxed elementor-section-height-default elementor-section-height-default\" data-id=\"a8f2036\" data-element_type=\"section\" data-e-type=\"section\">\n\t\t\t\t\t\t<div class=\"elementor-container elementor-column-gap-default\">\n\t\t\t\t\t<div class=\"elementor-column elementor-col-50 elementor-top-column elementor-element elementor-element-4a0abc7\" data-id=\"4a0abc7\" data-element_type=\"column\" data-e-type=\"column\">\n\t\t\t<div class=\"elementor-widget-wrap elementor-element-populated\">\n\t\t\t\t\t\t<div class=\"elementor-element elementor-element-9425105 elementor-view-default elementor-widget elementor-widget-icon\" data-id=\"9425105\" data-element_type=\"widget\" data-e-type=\"widget\" data-widget_type=\"icon.default\">\n\t\t\t\t<div class=\"elementor-widget-container\">\n\t\t\t\t\t\t\t<div class=\"elementor-icon-wrapper\">\n\t\t\t<div class=\"elementor-icon\">\n\t\t\t<i aria-hidden=\"true\" class=\"fas fa-phone-alt\"><\/i>\t\t\t<\/div>\n\t\t<\/div>\n\t\t\t\t\t\t<\/div>\n\t\t\t\t<\/div>\n\t\t\t\t<div class=\"elementor-element elementor-element-e34e0f1 elementor-widget elementor-widget-text-editor\" data-id=\"e34e0f1\" data-element_type=\"widget\" data-e-type=\"widget\" data-widget_type=\"text-editor.default\">\n\t\t\t\t<div class=\"elementor-widget-container\">\n\t\t\t\t\t\t\t\t\t<p><span style=\"font-style: inherit; font-weight: inherit; background-color: var(--ast-global-color-4); color: var(--ast-global-color-3);\">06 75 07 93 25\u00a0<\/span><\/p>\t\t\t\t\t\t\t\t<\/div>\n\t\t\t\t<\/div>\n\t\t\t\t\t<\/div>\n\t\t<\/div>\n\t\t\t\t<div class=\"elementor-column elementor-col-50 elementor-top-column elementor-element elementor-element-0ce6677\" data-id=\"0ce6677\" data-element_type=\"column\" data-e-type=\"column\">\n\t\t\t<div class=\"elementor-widget-wrap elementor-element-populated\">\n\t\t\t\t\t\t<div class=\"elementor-element elementor-element-baba20b elementor-view-default elementor-widget elementor-widget-icon\" data-id=\"baba20b\" data-element_type=\"widget\" data-e-type=\"widget\" data-widget_type=\"icon.default\">\n\t\t\t\t<div class=\"elementor-widget-container\">\n\t\t\t\t\t\t\t<div class=\"elementor-icon-wrapper\">\n\t\t\t<div class=\"elementor-icon\">\n\t\t\t<i aria-hidden=\"true\" class=\"far fa-envelope\"><\/i>\t\t\t<\/div>\n\t\t<\/div>\n\t\t\t\t\t\t<\/div>\n\t\t\t\t<\/div>\n\t\t\t\t<div class=\"elementor-element elementor-element-d6e2a2d elementor-widget elementor-widget-text-editor\" data-id=\"d6e2a2d\" data-element_type=\"widget\" data-e-type=\"widget\" data-widget_type=\"text-editor.default\">\n\t\t\t\t<div class=\"elementor-widget-container\">\n\t\t\t\t\t\t\t\t\t<p>toulouse.iron.club31@gmail.com\u00a0<\/p>\t\t\t\t\t\t\t\t<\/div>\n\t\t\t\t<\/div>\n\t\t\t\t\t<\/div>\n\t\t<\/div>\n\t\t\t\t\t<\/div>\n\t\t<\/section>\n\t\t\t\t<section class=\"elementor-section elementor-top-section elementor-element elementor-element-a5896bd elementor-section-boxed elementor-section-height-default elementor-section-height-default\" data-id=\"a5896bd\" data-element_type=\"section\" data-e-type=\"section\">\n\t\t\t\t\t\t<div class=\"elementor-container elementor-column-gap-default\">\n\t\t\t\t\t<div class=\"elementor-column elementor-col-100 elementor-top-column elementor-element elementor-element-e6bfc51\" data-id=\"e6bfc51\" data-element_type=\"column\" data-e-type=\"column\">\n\t\t\t<div class=\"elementor-widget-wrap elementor-element-populated\">\n\t\t\t\t\t\t<div class=\"elementor-element elementor-element-ce9ee5b elementor-widget elementor-widget-text-editor\" data-id=\"ce9ee5b\" data-element_type=\"widget\" data-e-type=\"widget\" data-widget_type=\"text-editor.default\">\n\t\t\t\t<div class=\"elementor-widget-container\">\n\t\t\t\t\t\t\t\t\t<p><a href=\"https:\/\/toulouseic.fr\/toulouseic.fr\/wp-content\/uploads\/2022\/10\/TICPLAQUETTE_PARTENAIRE_2022.pdf\">TICPLAQUETTE_PARTENAIRE_2022<\/a><\/p>\t\t\t\t\t\t\t\t<\/div>\n\t\t\t\t<\/div>\n\t\t\t\t\t<\/div>\n\t\t<\/div>\n\t\t\t\t\t<\/div>\n\t\t<\/section>\n\t\t\t\t<section class=\"elementor-section elementor-top-section elementor-element elementor-element-57295d2 elementor-section-boxed elementor-section-height-default elementor-section-height-default\" data-id=\"57295d2\" data-element_type=\"section\" data-e-type=\"section\">\n\t\t\t\t\t\t<div class=\"elementor-container elementor-column-gap-default\">\n\t\t\t\t\t<div class=\"elementor-column elementor-col-100 elementor-top-column elementor-element elementor-element-ac390cb\" data-id=\"ac390cb\" data-element_type=\"column\" data-e-type=\"column\">\n\t\t\t<div class=\"elementor-widget-wrap elementor-element-populated\">\n\t\t\t\t\t\t<div class=\"elementor-element elementor-element-041eb0d elementor-widget elementor-widget-spacer\" data-id=\"041eb0d\" data-element_type=\"widget\" data-e-type=\"widget\" data-widget_type=\"spacer.default\">\n\t\t\t\t<div class=\"elementor-widget-container\">\n\t\t\t\t\t\t\t<div class=\"elementor-spacer\">\n\t\t\t<div class=\"elementor-spacer-inner\"><\/div>\n\t\t<\/div>\n\t\t\t\t\t\t<\/div>\n\t\t\t\t<\/div>\n\t\t\t\t\t<\/div>\n\t\t<\/div>\n\t\t\t\t\t<\/div>\n\t\t<\/section>\n\t\t\t\t<\/div>\n\t\t","protected":false},"excerpt":{"rendered":"<p>Devenir partenaire Pourquoi devenir partenaire du toulouse iron club ? A travers le partenariat propos\u00e9, les sponsors aideront le club \u00e0 remplir sa mission sociale, et bien entendu sportive, avec comme objectif le d\u00e9veloppement du Basket Fauteuil aupr\u00e8s des personnes en situation de handicap, jeunes et moins jeunes. Vous profiterez d&rsquo;un grand nombre de supports [&hellip;]<\/p>\n","protected":false},"author":1,"featured_media":0,"parent":0,"menu_order":0,"comment_status":"closed","ping_status":"closed","template":"","meta":{"site-sidebar-layout":"no-sidebar","site-content-layout":"page-builder","ast-site-content-layout":"full-width-container","site-content-style":"unboxed","site-sidebar-style":"unboxed","ast-global-header-display":"","ast-banner-title-visibility":"","ast-main-header-display":"","ast-hfb-above-header-display":"","ast-hfb-below-header-display":"","ast-hfb-mobile-header-display":"","site-post-title":"disabled","ast-breadcrumbs-content":"","ast-featured-img":"disabled","footer-sml-layout":"","theme-transparent-header-meta":"","adv-header-id-meta":"","stick-header-meta":"","header-above-stick-meta":"","header-main-stick-meta":"","header-below-stick-meta":"","astra-migrate-meta-layouts":"set","ast-page-background-enabled":"default","ast-page-background-meta":{"desktop":{"background-color":"","background-image":"","background-repeat":"repeat","background-position":"center center","background-size":"auto","background-attachment":"scroll","background-type":"","background-media":"","overlay-type":"","overlay-color":"","overlay-opacity":"","overlay-gradient":""},"tablet":{"background-color":"","background-image":"","background-repeat":"repeat","background-position":"center center","background-size":"auto","background-attachment":"scroll","background-type":"","background-media":"","overlay-type":"","overlay-color":"","overlay-opacity":"","overlay-gradient":""},"mobile":{"background-color":"","background-image":"","background-repeat":"repeat","background-position":"center center","background-size":"auto","background-attachment":"scroll","background-type":"","background-media":"","overlay-type":"","overlay-color":"","overlay-opacity":"","overlay-gradient":""}},"ast-content-background-meta":{"desktop":{"background-color":"var(--ast-global-color-5)","background-image":"","background-repeat":"repeat","background-position":"center center","background-size":"auto","background-attachment":"scroll","background-type":"","background-media":"","overlay-type":"","overlay-color":"","overlay-opacity":"","overlay-gradient":""},"tablet":{"background-color":"var(--ast-global-color-5)","background-image":"","background-repeat":"repeat","background-position":"center center","background-size":"auto","background-attachment":"scroll","background-type":"","background-media":"","overlay-type":"","overlay-color":"","overlay-opacity":"","overlay-gradient":""},"mobile":{"background-color":"var(--ast-global-color-5)","background-image":"","background-repeat":"repeat","background-position":"center center","background-size":"auto","background-attachment":"scroll","background-type":"","background-media":"","overlay-type":"","overlay-color":"","overlay-opacity":"","overlay-gradient":""}},"footnotes":""},"class_list":["post-776","page","type-page","status-publish","hentry"],"yoast_head":"<!-- This site is optimized with the Yoast SEO plugin v27.4 - https:\/\/yoast.com\/product\/yoast-seo-wordpress\/ -->\n<title>Devenir partenaire - Toulouse Iron Club<\/title>\n<meta name=\"description\" content=\"Devenez partenaire du TIC ! Soutenez le basket-fauteuil, l\u2019inclusion et le sport \u00e0 Toulouse en rejoignant une aventure humaine et sportive.\" \/>\n<meta name=\"robots\" content=\"index, follow, max-snippet:-1, max-image-preview:large, max-video-preview:-1\" \/>\n<link rel=\"canonical\" href=\"https:\/\/toulouseic.fr\/toulouseic.fr\/devenir-partenaire\/\" \/>\n<meta property=\"og:locale\" content=\"fr_FR\" \/>\n<meta property=\"og:type\" content=\"article\" \/>\n<meta property=\"og:title\" content=\"Devenir partenaire - Toulouse Iron Club\" \/>\n<meta property=\"og:description\" content=\"Devenez partenaire du TIC ! Soutenez le basket-fauteuil, l\u2019inclusion et le sport \u00e0 Toulouse en rejoignant une aventure humaine et sportive.\" \/>\n<meta property=\"og:url\" content=\"https:\/\/toulouseic.fr\/toulouseic.fr\/devenir-partenaire\/\" \/>\n<meta property=\"og:site_name\" content=\"Toulouse Iron Club\" \/>\n<meta property=\"article:modified_time\" content=\"2025-09-26T14:31:31+00:00\" \/>\n<meta name=\"twitter:card\" content=\"summary_large_image\" \/>\n<meta name=\"twitter:label1\" content=\"Dur\u00e9e de lecture estim\u00e9e\" \/>\n\t<meta name=\"twitter:data1\" content=\"1 minute\" \/>\n<script type=\"application\/ld+json\" class=\"yoast-schema-graph\">{\"@context\":\"https:\\\/\\\/schema.org\",\"@graph\":[{\"@type\":\"WebPage\",\"@id\":\"https:\\\/\\\/toulouseic.fr\\\/toulouseic.fr\\\/devenir-partenaire\\\/\",\"url\":\"https:\\\/\\\/toulouseic.fr\\\/toulouseic.fr\\\/devenir-partenaire\\\/\",\"name\":\"Devenir partenaire - Toulouse Iron Club\",\"isPartOf\":{\"@id\":\"https:\\\/\\\/toulouseic.fr\\\/toulouseic.fr\\\/#website\"},\"datePublished\":\"2022-10-11T15:39:49+00:00\",\"dateModified\":\"2025-09-26T14:31:31+00:00\",\"description\":\"Devenez partenaire du TIC ! Soutenez le basket-fauteuil, l\u2019inclusion et le sport \u00e0 Toulouse en rejoignant une aventure humaine et sportive.\",\"breadcrumb\":{\"@id\":\"https:\\\/\\\/toulouseic.fr\\\/toulouseic.fr\\\/devenir-partenaire\\\/#breadcrumb\"},\"inLanguage\":\"fr-FR\",\"potentialAction\":[{\"@type\":\"ReadAction\",\"target\":[\"https:\\\/\\\/toulouseic.fr\\\/toulouseic.fr\\\/devenir-partenaire\\\/\"]}]},{\"@type\":\"BreadcrumbList\",\"@id\":\"https:\\\/\\\/toulouseic.fr\\\/toulouseic.fr\\\/devenir-partenaire\\\/#breadcrumb\",\"itemListElement\":[{\"@type\":\"ListItem\",\"position\":1,\"name\":\"Accueil\",\"item\":\"https:\\\/\\\/toulouseic.fr\\\/toulouseic.fr\\\/\"},{\"@type\":\"ListItem\",\"position\":2,\"name\":\"Devenir partenaire\"}]},{\"@type\":\"WebSite\",\"@id\":\"https:\\\/\\\/toulouseic.fr\\\/toulouseic.fr\\\/#website\",\"url\":\"https:\\\/\\\/toulouseic.fr\\\/toulouseic.fr\\\/\",\"name\":\"Toulouse Iron Club\",\"description\":\"Un esprit, une \u00e9quipe, un vainqueur ... Le sport\",\"publisher\":{\"@id\":\"https:\\\/\\\/toulouseic.fr\\\/toulouseic.fr\\\/#organization\"},\"potentialAction\":[{\"@type\":\"SearchAction\",\"target\":{\"@type\":\"EntryPoint\",\"urlTemplate\":\"https:\\\/\\\/toulouseic.fr\\\/toulouseic.fr\\\/?s={search_term_string}\"},\"query-input\":{\"@type\":\"PropertyValueSpecification\",\"valueRequired\":true,\"valueName\":\"search_term_string\"}}],\"inLanguage\":\"fr-FR\"},{\"@type\":\"Organization\",\"@id\":\"https:\\\/\\\/toulouseic.fr\\\/toulouseic.fr\\\/#organization\",\"name\":\"Toulouse Iron Club\",\"url\":\"https:\\\/\\\/toulouseic.fr\\\/toulouseic.fr\\\/\",\"logo\":{\"@type\":\"ImageObject\",\"inLanguage\":\"fr-FR\",\"@id\":\"https:\\\/\\\/toulouseic.fr\\\/toulouseic.fr\\\/#\\\/schema\\\/logo\\\/image\\\/\",\"url\":\"https:\\\/\\\/toulouseic.fr\\\/toulouseic.fr\\\/wp-content\\\/uploads\\\/2022\\\/10\\\/Logo-officiel-decoupe.png\",\"contentUrl\":\"https:\\\/\\\/toulouseic.fr\\\/toulouseic.fr\\\/wp-content\\\/uploads\\\/2022\\\/10\\\/Logo-officiel-decoupe.png\",\"width\":500,\"height\":461,\"caption\":\"Toulouse Iron Club\"},\"image\":{\"@id\":\"https:\\\/\\\/toulouseic.fr\\\/toulouseic.fr\\\/#\\\/schema\\\/logo\\\/image\\\/\"}}]}<\/script>\n<!-- \/ Yoast SEO plugin. -->","yoast_head_json":{"title":"Devenir partenaire - Toulouse Iron Club","description":"Devenez partenaire du TIC ! Soutenez le basket-fauteuil, l\u2019inclusion et le sport \u00e0 Toulouse en rejoignant une aventure humaine et sportive.","robots":{"index":"index","follow":"follow","max-snippet":"max-snippet:-1","max-image-preview":"max-image-preview:large","max-video-preview":"max-video-preview:-1"},"canonical":"https:\/\/toulouseic.fr\/toulouseic.fr\/devenir-partenaire\/","og_locale":"fr_FR","og_type":"article","og_title":"Devenir partenaire - Toulouse Iron Club","og_description":"Devenez partenaire du TIC ! Soutenez le basket-fauteuil, l\u2019inclusion et le sport \u00e0 Toulouse en rejoignant une aventure humaine et sportive.","og_url":"https:\/\/toulouseic.fr\/toulouseic.fr\/devenir-partenaire\/","og_site_name":"Toulouse Iron Club","article_modified_time":"2025-09-26T14:31:31+00:00","twitter_card":"summary_large_image","twitter_misc":{"Dur\u00e9e de lecture estim\u00e9e":"1 minute"},"schema":{"@context":"https:\/\/schema.org","@graph":[{"@type":"WebPage","@id":"https:\/\/toulouseic.fr\/toulouseic.fr\/devenir-partenaire\/","url":"https:\/\/toulouseic.fr\/toulouseic.fr\/devenir-partenaire\/","name":"Devenir partenaire - Toulouse Iron Club","isPartOf":{"@id":"https:\/\/toulouseic.fr\/toulouseic.fr\/#website"},"datePublished":"2022-10-11T15:39:49+00:00","dateModified":"2025-09-26T14:31:31+00:00","description":"Devenez partenaire du TIC ! Soutenez le basket-fauteuil, l\u2019inclusion et le sport \u00e0 Toulouse en rejoignant une aventure humaine et sportive.","breadcrumb":{"@id":"https:\/\/toulouseic.fr\/toulouseic.fr\/devenir-partenaire\/#breadcrumb"},"inLanguage":"fr-FR","potentialAction":[{"@type":"ReadAction","target":["https:\/\/toulouseic.fr\/toulouseic.fr\/devenir-partenaire\/"]}]},{"@type":"BreadcrumbList","@id":"https:\/\/toulouseic.fr\/toulouseic.fr\/devenir-partenaire\/#breadcrumb","itemListElement":[{"@type":"ListItem","position":1,"name":"Accueil","item":"https:\/\/toulouseic.fr\/toulouseic.fr\/"},{"@type":"ListItem","position":2,"name":"Devenir partenaire"}]},{"@type":"WebSite","@id":"https:\/\/toulouseic.fr\/toulouseic.fr\/#website","url":"https:\/\/toulouseic.fr\/toulouseic.fr\/","name":"Toulouse Iron Club","description":"Un esprit, une \u00e9quipe, un vainqueur ... Le sport","publisher":{"@id":"https:\/\/toulouseic.fr\/toulouseic.fr\/#organization"},"potentialAction":[{"@type":"SearchAction","target":{"@type":"EntryPoint","urlTemplate":"https:\/\/toulouseic.fr\/toulouseic.fr\/?s={search_term_string}"},"query-input":{"@type":"PropertyValueSpecification","valueRequired":true,"valueName":"search_term_string"}}],"inLanguage":"fr-FR"},{"@type":"Organization","@id":"https:\/\/toulouseic.fr\/toulouseic.fr\/#organization","name":"Toulouse Iron Club","url":"https:\/\/toulouseic.fr\/toulouseic.fr\/","logo":{"@type":"ImageObject","inLanguage":"fr-FR","@id":"https:\/\/toulouseic.fr\/toulouseic.fr\/#\/schema\/logo\/image\/","url":"https:\/\/toulouseic.fr\/toulouseic.fr\/wp-content\/uploads\/2022\/10\/Logo-officiel-decoupe.png","contentUrl":"https:\/\/toulouseic.fr\/toulouseic.fr\/wp-content\/uploads\/2022\/10\/Logo-officiel-decoupe.png","width":500,"height":461,"caption":"Toulouse Iron Club"},"image":{"@id":"https:\/\/toulouseic.fr\/toulouseic.fr\/#\/schema\/logo\/image\/"}}]}},"_links":{"self":[{"href":"https:\/\/toulouseic.fr\/toulouseic.fr\/wp-json\/wp\/v2\/pages\/776","targetHints":{"allow":["GET"]}}],"collection":[{"href":"https:\/\/toulouseic.fr\/toulouseic.fr\/wp-json\/wp\/v2\/pages"}],"about":[{"href":"https:\/\/toulouseic.fr\/toulouseic.fr\/wp-json\/wp\/v2\/types\/page"}],"author":[{"embeddable":true,"href":"https:\/\/toulouseic.fr\/toulouseic.fr\/wp-json\/wp\/v2\/users\/1"}],"replies":[{"embeddable":true,"href":"https:\/\/toulouseic.fr\/toulouseic.fr\/wp-json\/wp\/v2\/comments?post=776"}],"version-history":[{"count":32,"href":"https:\/\/toulouseic.fr\/toulouseic.fr\/wp-json\/wp\/v2\/pages\/776\/revisions"}],"predecessor-version":[{"id":3537,"href":"https:\/\/toulouseic.fr\/toulouseic.fr\/wp-json\/wp\/v2\/pages\/776\/revisions\/3537"}],"wp:attachment":[{"href":"https:\/\/toulouseic.fr\/toulouseic.fr\/wp-json\/wp\/v2\/media?parent=776"}],"curies":[{"name":"wp","href":"https:\/\/api.w.org\/{rel}","templated":true}]}}