{"id":725,"date":"2018-11-27T09:17:08","date_gmt":"2018-11-27T08:17:08","guid":{"rendered":"https:\/\/toulouseic.fr\/toulouseic.fr\/about\/"},"modified":"2022-11-10T17:45:00","modified_gmt":"2022-11-10T16:45:00","slug":"le-club","status":"publish","type":"page","link":"https:\/\/toulouseic.fr\/toulouseic.fr\/le-club\/","title":{"rendered":"Le club"},"content":{"rendered":"\t\t<div data-elementor-type=\"wp-post\" data-elementor-id=\"725\" class=\"elementor elementor-725\">\n\t\t\t\t\t\t<section class=\"elementor-section elementor-top-section elementor-element elementor-element-d7d8b56 elementor-section-boxed elementor-section-height-default elementor-section-height-default\" data-id=\"d7d8b56\" data-element_type=\"section\" data-e-type=\"section\" data-settings=\"{&quot;background_background&quot;:&quot;classic&quot;}\">\n\t\t\t\t\t\t\t<div class=\"elementor-background-overlay\"><\/div>\n\t\t\t\t\t\t\t<div class=\"elementor-container elementor-column-gap-default\">\n\t\t\t\t\t<div class=\"elementor-column elementor-col-100 elementor-top-column elementor-element elementor-element-fd69444\" data-id=\"fd69444\" data-element_type=\"column\" data-e-type=\"column\">\n\t\t\t<div class=\"elementor-widget-wrap elementor-element-populated\">\n\t\t\t\t\t\t<div class=\"elementor-element elementor-element-abcc2f2 elementor-widget elementor-widget-heading\" data-id=\"abcc2f2\" data-element_type=\"widget\" data-e-type=\"widget\" data-widget_type=\"heading.default\">\n\t\t\t\t<div class=\"elementor-widget-container\">\n\t\t\t\t\t<h1 class=\"elementor-heading-title elementor-size-default\">Le club<\/h1>\t\t\t\t<\/div>\n\t\t\t\t<\/div>\n\t\t\t\t\t<\/div>\n\t\t<\/div>\n\t\t\t\t\t<\/div>\n\t\t<\/section>\n\t\t\t\t<section class=\"elementor-section elementor-top-section elementor-element elementor-element-5c40d7b elementor-section-boxed elementor-section-height-default elementor-section-height-default\" data-id=\"5c40d7b\" data-element_type=\"section\" data-e-type=\"section\">\n\t\t\t\t\t\t<div class=\"elementor-container elementor-column-gap-default\">\n\t\t\t\t\t<div class=\"elementor-column elementor-col-50 elementor-top-column elementor-element elementor-element-2ebbf9c\" data-id=\"2ebbf9c\" data-element_type=\"column\" data-e-type=\"column\">\n\t\t\t<div class=\"elementor-widget-wrap elementor-element-populated\">\n\t\t\t\t\t\t<div class=\"elementor-element elementor-element-fe195c7 elementor-widget elementor-widget-heading\" data-id=\"fe195c7\" data-element_type=\"widget\" data-e-type=\"widget\" data-widget_type=\"heading.default\">\n\t\t\t\t<div class=\"elementor-widget-container\">\n\t\t\t\t\t<h2 class=\"elementor-heading-title elementor-size-default\">Qui sommes - nous<\/h2>\t\t\t\t<\/div>\n\t\t\t\t<\/div>\n\t\t\t\t<div class=\"elementor-element elementor-element-dc051dd elementor-widget-divider--view-line elementor-widget elementor-widget-divider\" data-id=\"dc051dd\" data-element_type=\"widget\" data-e-type=\"widget\" data-widget_type=\"divider.default\">\n\t\t\t\t<div class=\"elementor-widget-container\">\n\t\t\t\t\t\t\t<div class=\"elementor-divider\">\n\t\t\t<span class=\"elementor-divider-separator\">\n\t\t\t\t\t\t<\/span>\n\t\t<\/div>\n\t\t\t\t\t\t<\/div>\n\t\t\t\t<\/div>\n\t\t\t\t<div class=\"elementor-element elementor-element-e5f497e elementor-widget elementor-widget-text-editor\" data-id=\"e5f497e\" data-element_type=\"widget\" data-e-type=\"widget\" data-widget_type=\"text-editor.default\">\n\t\t\t\t<div class=\"elementor-widget-container\">\n\t\t\t\t\t\t\t\t\t<p><span style=\"background-color: var(--ast-global-color-4); font-style: inherit; font-weight: inherit;\">Cr\u00e9e un beau jour du mois de Mai 1977 par six amis<br \/>passionn\u00e9s de sport et d\u00e9bordant d&rsquo;ardeur et de joie de vivre. Le Toulouse<br \/>Invalides Club (T.I.C) est une association sportive handisport permettant aux<br \/>personnes atteintes d&rsquo;un handicap physique (parapl\u00e9giques, poliomy\u00e9lites,<br \/>amput\u00e9s) de pratiquer le basket. Le 7 novembre 2013, le Toulouse<br \/>Invalides Club devient le Toulouse Iron Club.<\/span><\/p><p><span style=\"background-color: var(--ast-global-color-4); font-style: inherit; font-weight: inherit;\">Le TIC est un club tr\u00e8s dynamique gr\u00e2ce \u00e0 des dirigeants tr\u00e8s actifs, des joueurs vraiment motiv\u00e9s et des partenaires dont il essaie d&rsquo;augmenter le nombre chaque ann\u00e9e. Il peut \u00e9galement compter sur le soutien de Monsieur le Maire de Toulouse, de ses adjoints et du personnel municipal, du Conseil R\u00e9gional Occitanie, du Conseil G\u00e9n\u00e9ral de la Haute-Garonne, de la Direction R\u00e9gionale Jeunesse et Sports, des Comit\u00e9s R\u00e9gionaux et D\u00e9partementaux Olympiques et Sportifs (CROS et CDOS), du Comit\u00e9 R\u00e9gional Handisport Occitanie et du Comit\u00e9 D\u00e9partemental Handisport Haute-Garonne.<\/span><\/p>\t\t\t\t\t\t\t\t<\/div>\n\t\t\t\t<\/div>\n\t\t\t\t\t<\/div>\n\t\t<\/div>\n\t\t\t\t<div class=\"elementor-column elementor-col-50 elementor-top-column elementor-element elementor-element-e5fdae0\" data-id=\"e5fdae0\" data-element_type=\"column\" data-e-type=\"column\">\n\t\t\t<div class=\"elementor-widget-wrap elementor-element-populated\">\n\t\t\t\t\t\t<div class=\"elementor-element elementor-element-96b5b53 elementor-widget elementor-widget-image\" data-id=\"96b5b53\" data-element_type=\"widget\" data-e-type=\"widget\" data-widget_type=\"image.default\">\n\t\t\t\t<div class=\"elementor-widget-container\">\n\t\t\t\t\t\t\t\t\t\t\t\t\t\t\t<img fetchpriority=\"high\" decoding=\"async\" width=\"1000\" height=\"125\" src=\"https:\/\/toulouseic.fr\/toulouseic.fr\/wp-content\/uploads\/2022\/10\/Image-Toulouse-Iron-Club.png\" class=\"attachment-full size-full wp-image-684\" alt=\"\" srcset=\"https:\/\/toulouseic.fr\/toulouseic.fr\/wp-content\/uploads\/2022\/10\/Image-Toulouse-Iron-Club.png 1000w, https:\/\/toulouseic.fr\/toulouseic.fr\/wp-content\/uploads\/2022\/10\/Image-Toulouse-Iron-Club-300x38.png 300w, https:\/\/toulouseic.fr\/toulouseic.fr\/wp-content\/uploads\/2022\/10\/Image-Toulouse-Iron-Club-768x96.png 768w\" sizes=\"(max-width: 1000px) 100vw, 1000px\" \/>\t\t\t\t\t\t\t\t\t\t\t\t\t\t\t<\/div>\n\t\t\t\t<\/div>\n\t\t\t\t<div class=\"elementor-element elementor-element-4326970 elementor-widget elementor-widget-text-editor\" data-id=\"4326970\" data-element_type=\"widget\" data-e-type=\"widget\" data-widget_type=\"text-editor.default\">\n\t\t\t\t<div class=\"elementor-widget-container\">\n\t\t\t\t\t\t\t\t\t<p>Tr\u00e8s vite, la section basket s&rsquo;est d\u00e9velopp\u00e9e et s&rsquo;est impos\u00e9e sur le plan r\u00e9gional puis national. Ainsi, le club de basket-ball du TIC est un des meilleurs clubs nationaux de basket handisport, c&rsquo;est aussi le sport collectif handisport le plus titr\u00e9 de la r\u00e9gion.\u00a0<\/p><p>Le TIC comporte deux \u00e9quipes, une \u00e9quipe Elite qui joue en Nationale A, et une \u00e9quipe 2 qui joue en Nationale 3. Cette deuxi\u00e8me \u00e9quipe permet \u00e0 tout le monde de pratiquer le basket tant en comp\u00e9tition qu&rsquo;en loisir. Elle est compos\u00e9e d&rsquo;anciens et de nouveaux joueurs.<\/p><p>De plus, depuis 2016, une \u00e9cole de basket handisport permet aux jeunes d&rsquo;essayer et de pratiquer le basket fauteuil.\u00a0<\/p><p>Le TIC organise \u00e9galement tout au long de l&rsquo;ann\u00e9e des \u00e9v\u00e9nements : Tournois 3&#215;3, les matchs \u00e0 domicile du Championnat de France mais \u00e9galement le tour pr\u00e9liminaire de la Coupe d&rsquo;Europe.<\/p><p>En parall\u00e8le, elle intervient aupr\u00e8s des \u00e9coles et des entreprises, lors de journ\u00e9es visant \u00e0 sensibiliser et promouvoir le basket fauteuil.<\/p><p>\u00a0<\/p>\t\t\t\t\t\t\t\t<\/div>\n\t\t\t\t<\/div>\n\t\t\t\t<div class=\"elementor-element elementor-element-cab84e1 elementor-align-center elementor-widget elementor-widget-button\" data-id=\"cab84e1\" data-element_type=\"widget\" data-e-type=\"widget\" data-widget_type=\"button.default\">\n\t\t\t\t<div class=\"elementor-widget-container\">\n\t\t\t\t\t\t\t\t\t<div class=\"elementor-button-wrapper\">\n\t\t\t\t\t<a class=\"elementor-button elementor-button-link elementor-size-sm\" href=\"https:\/\/toulouseic.fr\/toulouseic.fr\/sensibilisations\/\">\n\t\t\t\t\t\t<span class=\"elementor-button-content-wrapper\">\n\t\t\t\t\t\t\t\t\t<span class=\"elementor-button-text\">Lire Plus<\/span>\n\t\t\t\t\t<\/span>\n\t\t\t\t\t<\/a>\n\t\t\t\t<\/div>\n\t\t\t\t\t\t\t\t<\/div>\n\t\t\t\t<\/div>\n\t\t\t\t\t<\/div>\n\t\t<\/div>\n\t\t\t\t\t<\/div>\n\t\t<\/section>\n\t\t\t\t<\/div>\n\t\t","protected":false},"excerpt":{"rendered":"<p>Le club Qui sommes &#8211; nous Cr\u00e9e un beau jour du mois de Mai 1977 par six amispassionn\u00e9s de sport et d\u00e9bordant d&rsquo;ardeur et de joie de vivre. Le ToulouseInvalides Club (T.I.C) est une association sportive handisport permettant auxpersonnes atteintes d&rsquo;un handicap physique (parapl\u00e9giques, poliomy\u00e9lites,amput\u00e9s) de pratiquer le basket. Le 7 novembre 2013, le ToulouseInvalides [&hellip;]<\/p>\n","protected":false},"author":1,"featured_media":0,"parent":0,"menu_order":0,"comment_status":"closed","ping_status":"closed","template":"","meta":{"site-sidebar-layout":"no-sidebar","site-content-layout":"page-builder","ast-site-content-layout":"default","site-content-style":"default","site-sidebar-style":"default","ast-global-header-display":"","ast-banner-title-visibility":"","ast-main-header-display":"","ast-hfb-above-header-display":"","ast-hfb-below-header-display":"","ast-hfb-mobile-header-display":"","site-post-title":"disabled","ast-breadcrumbs-content":"","ast-featured-img":"disabled","footer-sml-layout":"","theme-transparent-header-meta":"enabled","adv-header-id-meta":"","stick-header-meta":"","header-above-stick-meta":"","header-main-stick-meta":"","header-below-stick-meta":"","astra-migrate-meta-layouts":"default","ast-page-background-enabled":"default","ast-page-background-meta":{"desktop":{"background-color":"","background-image":"","background-repeat":"repeat","background-position":"center center","background-size":"auto","background-attachment":"scroll","background-type":"","background-media":"","overlay-type":"","overlay-color":"","overlay-opacity":"","overlay-gradient":""},"tablet":{"background-color":"","background-image":"","background-repeat":"repeat","background-position":"center center","background-size":"auto","background-attachment":"scroll","background-type":"","background-media":"","overlay-type":"","overlay-color":"","overlay-opacity":"","overlay-gradient":""},"mobile":{"background-color":"","background-image":"","background-repeat":"repeat","background-position":"center center","background-size":"auto","background-attachment":"scroll","background-type":"","background-media":"","overlay-type":"","overlay-color":"","overlay-opacity":"","overlay-gradient":""}},"ast-content-background-meta":{"desktop":{"background-color":"var(--ast-global-color-5)","background-image":"","background-repeat":"repeat","background-position":"center center","background-size":"auto","background-attachment":"scroll","background-type":"","background-media":"","overlay-type":"","overlay-color":"","overlay-opacity":"","overlay-gradient":""},"tablet":{"background-color":"var(--ast-global-color-5)","background-image":"","background-repeat":"repeat","background-position":"center center","background-size":"auto","background-attachment":"scroll","background-type":"","background-media":"","overlay-type":"","overlay-color":"","overlay-opacity":"","overlay-gradient":""},"mobile":{"background-color":"var(--ast-global-color-5)","background-image":"","background-repeat":"repeat","background-position":"center center","background-size":"auto","background-attachment":"scroll","background-type":"","background-media":"","overlay-type":"","overlay-color":"","overlay-opacity":"","overlay-gradient":""}},"footnotes":""},"class_list":["post-725","page","type-page","status-publish","hentry"],"yoast_head":"<!-- This site is optimized with the Yoast SEO plugin v27.4 - https:\/\/yoast.com\/product\/yoast-seo-wordpress\/ -->\n<title>Le club - Toulouse Iron Club<\/title>\n<meta name=\"robots\" content=\"index, follow, max-snippet:-1, max-image-preview:large, max-video-preview:-1\" \/>\n<link rel=\"canonical\" href=\"https:\/\/toulouseic.fr\/toulouseic.fr\/le-club\/\" \/>\n<meta property=\"og:locale\" content=\"fr_FR\" \/>\n<meta property=\"og:type\" content=\"article\" \/>\n<meta property=\"og:title\" content=\"Le club - Toulouse Iron Club\" \/>\n<meta property=\"og:description\" content=\"Le club Qui sommes &#8211; nous Cr\u00e9e un beau jour du mois de Mai 1977 par six amispassionn\u00e9s de sport et d\u00e9bordant d&rsquo;ardeur et de joie de vivre. Le ToulouseInvalides Club (T.I.C) est une association sportive handisport permettant auxpersonnes atteintes d&rsquo;un handicap physique (parapl\u00e9giques, poliomy\u00e9lites,amput\u00e9s) de pratiquer le basket. Le 7 novembre 2013, le ToulouseInvalides [&hellip;]\" \/>\n<meta property=\"og:url\" content=\"https:\/\/toulouseic.fr\/toulouseic.fr\/le-club\/\" \/>\n<meta property=\"og:site_name\" content=\"Toulouse Iron Club\" \/>\n<meta property=\"article:modified_time\" content=\"2022-11-10T16:45:00+00:00\" \/>\n<meta property=\"og:image\" content=\"https:\/\/toulouseic.fr\/toulouseic.fr\/wp-content\/uploads\/2022\/10\/Image-Toulouse-Iron-Club.png\" \/>\n<meta name=\"twitter:card\" content=\"summary_large_image\" \/>\n<meta name=\"twitter:label1\" content=\"Dur\u00e9e de lecture estim\u00e9e\" \/>\n\t<meta name=\"twitter:data1\" content=\"2 minutes\" \/>\n<script type=\"application\/ld+json\" class=\"yoast-schema-graph\">{\"@context\":\"https:\\\/\\\/schema.org\",\"@graph\":[{\"@type\":\"WebPage\",\"@id\":\"https:\\\/\\\/toulouseic.fr\\\/toulouseic.fr\\\/le-club\\\/\",\"url\":\"https:\\\/\\\/toulouseic.fr\\\/toulouseic.fr\\\/le-club\\\/\",\"name\":\"Le club - Toulouse Iron Club\",\"isPartOf\":{\"@id\":\"https:\\\/\\\/toulouseic.fr\\\/toulouseic.fr\\\/#website\"},\"primaryImageOfPage\":{\"@id\":\"https:\\\/\\\/toulouseic.fr\\\/toulouseic.fr\\\/le-club\\\/#primaryimage\"},\"image\":{\"@id\":\"https:\\\/\\\/toulouseic.fr\\\/toulouseic.fr\\\/le-club\\\/#primaryimage\"},\"thumbnailUrl\":\"https:\\\/\\\/toulouseic.fr\\\/toulouseic.fr\\\/wp-content\\\/uploads\\\/2022\\\/10\\\/Image-Toulouse-Iron-Club.png\",\"datePublished\":\"2018-11-27T08:17:08+00:00\",\"dateModified\":\"2022-11-10T16:45:00+00:00\",\"breadcrumb\":{\"@id\":\"https:\\\/\\\/toulouseic.fr\\\/toulouseic.fr\\\/le-club\\\/#breadcrumb\"},\"inLanguage\":\"fr-FR\",\"potentialAction\":[{\"@type\":\"ReadAction\",\"target\":[\"https:\\\/\\\/toulouseic.fr\\\/toulouseic.fr\\\/le-club\\\/\"]}]},{\"@type\":\"ImageObject\",\"inLanguage\":\"fr-FR\",\"@id\":\"https:\\\/\\\/toulouseic.fr\\\/toulouseic.fr\\\/le-club\\\/#primaryimage\",\"url\":\"https:\\\/\\\/toulouseic.fr\\\/toulouseic.fr\\\/wp-content\\\/uploads\\\/2022\\\/10\\\/Image-Toulouse-Iron-Club.png\",\"contentUrl\":\"https:\\\/\\\/toulouseic.fr\\\/toulouseic.fr\\\/wp-content\\\/uploads\\\/2022\\\/10\\\/Image-Toulouse-Iron-Club.png\",\"width\":1000,\"height\":125},{\"@type\":\"BreadcrumbList\",\"@id\":\"https:\\\/\\\/toulouseic.fr\\\/toulouseic.fr\\\/le-club\\\/#breadcrumb\",\"itemListElement\":[{\"@type\":\"ListItem\",\"position\":1,\"name\":\"Accueil\",\"item\":\"https:\\\/\\\/toulouseic.fr\\\/toulouseic.fr\\\/\"},{\"@type\":\"ListItem\",\"position\":2,\"name\":\"Le club\"}]},{\"@type\":\"WebSite\",\"@id\":\"https:\\\/\\\/toulouseic.fr\\\/toulouseic.fr\\\/#website\",\"url\":\"https:\\\/\\\/toulouseic.fr\\\/toulouseic.fr\\\/\",\"name\":\"Toulouse Iron Club\",\"description\":\"Un esprit, une \u00e9quipe, un vainqueur ... Le sport\",\"publisher\":{\"@id\":\"https:\\\/\\\/toulouseic.fr\\\/toulouseic.fr\\\/#organization\"},\"potentialAction\":[{\"@type\":\"SearchAction\",\"target\":{\"@type\":\"EntryPoint\",\"urlTemplate\":\"https:\\\/\\\/toulouseic.fr\\\/toulouseic.fr\\\/?s={search_term_string}\"},\"query-input\":{\"@type\":\"PropertyValueSpecification\",\"valueRequired\":true,\"valueName\":\"search_term_string\"}}],\"inLanguage\":\"fr-FR\"},{\"@type\":\"Organization\",\"@id\":\"https:\\\/\\\/toulouseic.fr\\\/toulouseic.fr\\\/#organization\",\"name\":\"Toulouse Iron Club\",\"url\":\"https:\\\/\\\/toulouseic.fr\\\/toulouseic.fr\\\/\",\"logo\":{\"@type\":\"ImageObject\",\"inLanguage\":\"fr-FR\",\"@id\":\"https:\\\/\\\/toulouseic.fr\\\/toulouseic.fr\\\/#\\\/schema\\\/logo\\\/image\\\/\",\"url\":\"https:\\\/\\\/toulouseic.fr\\\/toulouseic.fr\\\/wp-content\\\/uploads\\\/2022\\\/10\\\/Logo-officiel-decoupe.png\",\"contentUrl\":\"https:\\\/\\\/toulouseic.fr\\\/toulouseic.fr\\\/wp-content\\\/uploads\\\/2022\\\/10\\\/Logo-officiel-decoupe.png\",\"width\":500,\"height\":461,\"caption\":\"Toulouse Iron Club\"},\"image\":{\"@id\":\"https:\\\/\\\/toulouseic.fr\\\/toulouseic.fr\\\/#\\\/schema\\\/logo\\\/image\\\/\"}}]}<\/script>\n<!-- \/ Yoast SEO plugin. -->","yoast_head_json":{"title":"Le club - Toulouse Iron Club","robots":{"index":"index","follow":"follow","max-snippet":"max-snippet:-1","max-image-preview":"max-image-preview:large","max-video-preview":"max-video-preview:-1"},"canonical":"https:\/\/toulouseic.fr\/toulouseic.fr\/le-club\/","og_locale":"fr_FR","og_type":"article","og_title":"Le club - Toulouse Iron Club","og_description":"Le club Qui sommes &#8211; nous Cr\u00e9e un beau jour du mois de Mai 1977 par six amispassionn\u00e9s de sport et d\u00e9bordant d&rsquo;ardeur et de joie de vivre. Le ToulouseInvalides Club (T.I.C) est une association sportive handisport permettant auxpersonnes atteintes d&rsquo;un handicap physique (parapl\u00e9giques, poliomy\u00e9lites,amput\u00e9s) de pratiquer le basket. Le 7 novembre 2013, le ToulouseInvalides [&hellip;]","og_url":"https:\/\/toulouseic.fr\/toulouseic.fr\/le-club\/","og_site_name":"Toulouse Iron Club","article_modified_time":"2022-11-10T16:45:00+00:00","og_image":[{"url":"https:\/\/toulouseic.fr\/toulouseic.fr\/wp-content\/uploads\/2022\/10\/Image-Toulouse-Iron-Club.png","type":"","width":"","height":""}],"twitter_card":"summary_large_image","twitter_misc":{"Dur\u00e9e de lecture estim\u00e9e":"2 minutes"},"schema":{"@context":"https:\/\/schema.org","@graph":[{"@type":"WebPage","@id":"https:\/\/toulouseic.fr\/toulouseic.fr\/le-club\/","url":"https:\/\/toulouseic.fr\/toulouseic.fr\/le-club\/","name":"Le club - Toulouse Iron Club","isPartOf":{"@id":"https:\/\/toulouseic.fr\/toulouseic.fr\/#website"},"primaryImageOfPage":{"@id":"https:\/\/toulouseic.fr\/toulouseic.fr\/le-club\/#primaryimage"},"image":{"@id":"https:\/\/toulouseic.fr\/toulouseic.fr\/le-club\/#primaryimage"},"thumbnailUrl":"https:\/\/toulouseic.fr\/toulouseic.fr\/wp-content\/uploads\/2022\/10\/Image-Toulouse-Iron-Club.png","datePublished":"2018-11-27T08:17:08+00:00","dateModified":"2022-11-10T16:45:00+00:00","breadcrumb":{"@id":"https:\/\/toulouseic.fr\/toulouseic.fr\/le-club\/#breadcrumb"},"inLanguage":"fr-FR","potentialAction":[{"@type":"ReadAction","target":["https:\/\/toulouseic.fr\/toulouseic.fr\/le-club\/"]}]},{"@type":"ImageObject","inLanguage":"fr-FR","@id":"https:\/\/toulouseic.fr\/toulouseic.fr\/le-club\/#primaryimage","url":"https:\/\/toulouseic.fr\/toulouseic.fr\/wp-content\/uploads\/2022\/10\/Image-Toulouse-Iron-Club.png","contentUrl":"https:\/\/toulouseic.fr\/toulouseic.fr\/wp-content\/uploads\/2022\/10\/Image-Toulouse-Iron-Club.png","width":1000,"height":125},{"@type":"BreadcrumbList","@id":"https:\/\/toulouseic.fr\/toulouseic.fr\/le-club\/#breadcrumb","itemListElement":[{"@type":"ListItem","position":1,"name":"Accueil","item":"https:\/\/toulouseic.fr\/toulouseic.fr\/"},{"@type":"ListItem","position":2,"name":"Le club"}]},{"@type":"WebSite","@id":"https:\/\/toulouseic.fr\/toulouseic.fr\/#website","url":"https:\/\/toulouseic.fr\/toulouseic.fr\/","name":"Toulouse Iron Club","description":"Un esprit, une \u00e9quipe, un vainqueur ... Le sport","publisher":{"@id":"https:\/\/toulouseic.fr\/toulouseic.fr\/#organization"},"potentialAction":[{"@type":"SearchAction","target":{"@type":"EntryPoint","urlTemplate":"https:\/\/toulouseic.fr\/toulouseic.fr\/?s={search_term_string}"},"query-input":{"@type":"PropertyValueSpecification","valueRequired":true,"valueName":"search_term_string"}}],"inLanguage":"fr-FR"},{"@type":"Organization","@id":"https:\/\/toulouseic.fr\/toulouseic.fr\/#organization","name":"Toulouse Iron Club","url":"https:\/\/toulouseic.fr\/toulouseic.fr\/","logo":{"@type":"ImageObject","inLanguage":"fr-FR","@id":"https:\/\/toulouseic.fr\/toulouseic.fr\/#\/schema\/logo\/image\/","url":"https:\/\/toulouseic.fr\/toulouseic.fr\/wp-content\/uploads\/2022\/10\/Logo-officiel-decoupe.png","contentUrl":"https:\/\/toulouseic.fr\/toulouseic.fr\/wp-content\/uploads\/2022\/10\/Logo-officiel-decoupe.png","width":500,"height":461,"caption":"Toulouse Iron Club"},"image":{"@id":"https:\/\/toulouseic.fr\/toulouseic.fr\/#\/schema\/logo\/image\/"}}]}},"_links":{"self":[{"href":"https:\/\/toulouseic.fr\/toulouseic.fr\/wp-json\/wp\/v2\/pages\/725","targetHints":{"allow":["GET"]}}],"collection":[{"href":"https:\/\/toulouseic.fr\/toulouseic.fr\/wp-json\/wp\/v2\/pages"}],"about":[{"href":"https:\/\/toulouseic.fr\/toulouseic.fr\/wp-json\/wp\/v2\/types\/page"}],"author":[{"embeddable":true,"href":"https:\/\/toulouseic.fr\/toulouseic.fr\/wp-json\/wp\/v2\/users\/1"}],"replies":[{"embeddable":true,"href":"https:\/\/toulouseic.fr\/toulouseic.fr\/wp-json\/wp\/v2\/comments?post=725"}],"version-history":[{"count":41,"href":"https:\/\/toulouseic.fr\/toulouseic.fr\/wp-json\/wp\/v2\/pages\/725\/revisions"}],"predecessor-version":[{"id":2124,"href":"https:\/\/toulouseic.fr\/toulouseic.fr\/wp-json\/wp\/v2\/pages\/725\/revisions\/2124"}],"wp:attachment":[{"href":"https:\/\/toulouseic.fr\/toulouseic.fr\/wp-json\/wp\/v2\/media?parent=725"}],"curies":[{"name":"wp","href":"https:\/\/api.w.org\/{rel}","templated":true}]}}