{"id":3503,"date":"2025-09-26T10:19:59","date_gmt":"2025-09-26T08:19:59","guid":{"rendered":"https:\/\/toulouseic.fr\/toulouseic.fr\/?page_id=3503"},"modified":"2025-09-26T11:23:01","modified_gmt":"2025-09-26T09:23:01","slug":"politique-de-confidentialite-mentions-legales","status":"publish","type":"page","link":"https:\/\/toulouseic.fr\/toulouseic.fr\/politique-de-confidentialite-mentions-legales\/","title":{"rendered":"Politique de confidentialit\u00e9"},"content":{"rendered":"\t\t<div data-elementor-type=\"wp-page\" data-elementor-id=\"3503\" class=\"elementor elementor-3503\">\n\t\t\t\t\t\t<section class=\"elementor-section elementor-top-section elementor-element elementor-element-zgn1qu0 elementor-section-boxed elementor-section-height-default elementor-section-height-default\" data-id=\"zgn1qu0\" data-element_type=\"section\" data-e-type=\"section\" data-settings=\"{&quot;background_background&quot;:&quot;classic&quot;}\">\n\t\t\t\t\t\t\t<div class=\"elementor-background-overlay\"><\/div>\n\t\t\t\t\t\t\t<div class=\"elementor-container elementor-column-gap-default\">\n\t\t\t\t\t<div class=\"elementor-column elementor-col-100 elementor-top-column elementor-element elementor-element-fd69444\" data-id=\"fd69444\" data-element_type=\"column\" data-e-type=\"column\">\n\t\t\t<div class=\"elementor-widget-wrap elementor-element-populated\">\n\t\t\t\t\t\t<div class=\"elementor-element elementor-element-abcc2f2 elementor-widget elementor-widget-heading\" data-id=\"abcc2f2\" data-element_type=\"widget\" data-e-type=\"widget\" data-widget_type=\"heading.default\">\n\t\t\t\t<div class=\"elementor-widget-container\">\n\t\t\t\t\t<h1 class=\"elementor-heading-title elementor-size-default\">Politique de confidentialit\u00e9 <\/h1>\t\t\t\t<\/div>\n\t\t\t\t<\/div>\n\t\t\t\t\t<\/div>\n\t\t<\/div>\n\t\t\t\t\t<\/div>\n\t\t<\/section>\n\t\t\t\t<section class=\"elementor-section elementor-top-section elementor-element elementor-element-4kqvf75 elementor-section-boxed elementor-section-height-default elementor-section-height-default\" data-id=\"4kqvf75\" data-element_type=\"section\" data-e-type=\"section\">\n\t\t\t\t\t\t<div class=\"elementor-container elementor-column-gap-default\">\n\t\t\t\t\t<div class=\"elementor-column elementor-col-100 elementor-top-column elementor-element elementor-element-cf8f984\" data-id=\"cf8f984\" data-element_type=\"column\" data-e-type=\"column\">\n\t\t\t<div class=\"elementor-widget-wrap elementor-element-populated\">\n\t\t\t\t\t\t<div class=\"elementor-element elementor-element-8bbd1d6 elementor-widget elementor-widget-heading\" data-id=\"8bbd1d6\" data-element_type=\"widget\" data-e-type=\"widget\" data-widget_type=\"heading.default\">\n\t\t\t\t<div class=\"elementor-widget-container\">\n\t\t\t\t\t<h2 class=\"elementor-heading-title elementor-size-default\"><h2 data-start=\"306\" data-end=\"327\" style=\"font-style: normal\">Mentions l\u00e9gale<span style=\"font-size: 2.125rem;font-style: inherit\"><\/span><\/h2><\/h2>\t\t\t\t<\/div>\n\t\t\t\t<\/div>\n\t\t\t\t<div class=\"elementor-element elementor-element-3206aa6 elementor-widget elementor-widget-text-editor\" data-id=\"3206aa6\" data-element_type=\"widget\" data-e-type=\"widget\" data-widget_type=\"text-editor.default\">\n\t\t\t\t<div class=\"elementor-widget-container\">\n\t\t\t\t\t\t\t\t\t<h2 data-start=\"306\" data-end=\"327\"><span style=\"font-size: 1.5rem; font-style: inherit;\">\u00c9diteur du site<\/span><\/h2><p data-start=\"351\" data-end=\"544\">Le pr\u00e9sent site <a href=\"https:\/\/toulouseic.fr\" target=\"_new\" rel=\"noopener\" data-start=\"367\" data-end=\"413\">https:\/\/toulouseic.fr<\/a> est \u00e9dit\u00e9 par l\u2019association :<br data-start=\"443\" data-end=\"446\" \/><strong data-start=\"446\" data-end=\"468\">Toulouse Iron Club<br \/><\/strong><span style=\"font-style: inherit; font-weight: inherit;\">3 Rue Pierre Laplace, 31000 Toulouse<br \/>Petit Palais des Sports<\/span><br \/>06 75 07 93 25 toulouse.iron.club31@gmail.com<br \/><span style=\"font-style: inherit; font-weight: inherit;\">Association d\u00e9clar\u00e9e en pr\u00e9fecture sous le num\u00e9ro <\/span>W313020566<span style=\"font-style: inherit; font-weight: inherit;\">.<\/span><\/p><h3 data-start=\"637\" data-end=\"670\">Directeur de la publication<\/h3><p data-start=\"671\" data-end=\"800\">Le directeur de la publication est Jean-Pierre\u00a0<span style=\"font-size: 1rem;\">Louradour<\/span><span style=\"font-style: inherit; font-weight: inherit;\">, repr\u00e9sentant l\u00e9gal de l\u2019association.<\/span><\/p><h3 data-start=\"802\" data-end=\"825\">H\u00e9bergeur du site<\/h3><p data-start=\"826\" data-end=\"906\">Le site est h\u00e9berg\u00e9 par :<br data-start=\"851\" data-end=\"854\" \/><strong data-start=\"854\" data-end=\"878\">OVH<\/strong><br data-start=\"878\" data-end=\"881\" \/>2 rue Kellermann, 59100 Roubaix, France<br data-start=\"890\" data-end=\"893\" \/>09 72 10 10 07<\/p><hr data-start=\"908\" data-end=\"911\" \/><h2 data-start=\"913\" data-end=\"946\">Politique de confidentialit\u00e9<\/h2><p data-start=\"948\" data-end=\"1096\">Le <strong data-start=\"951\" data-end=\"973\">Toulouse Iron Club<\/strong> accorde une importance primordiale \u00e0 la protection de vos donn\u00e9es personnelles et \u00e0 la transparence de leur utilisation.<\/p><h3 data-start=\"1098\" data-end=\"1125\">1. Donn\u00e9es collect\u00e9es<\/h3><p data-start=\"1126\" data-end=\"1197\">Lors de l\u2019utilisation du site, nous pouvons \u00eatre amen\u00e9s \u00e0 collecter :<\/p><ul data-start=\"1198\" data-end=\"1330\"><li data-start=\"1198\" data-end=\"1213\"><p data-start=\"1200\" data-end=\"1213\">Nom, pr\u00e9nom<\/p><\/li><li data-start=\"1214\" data-end=\"1232\"><p data-start=\"1216\" data-end=\"1232\">Adresse e-mail<\/p><\/li><li data-start=\"1233\" data-end=\"1256\"><p data-start=\"1235\" data-end=\"1256\">Num\u00e9ro de t\u00e9l\u00e9phone<\/p><\/li><li data-start=\"1257\" data-end=\"1330\"><p data-start=\"1259\" data-end=\"1330\">Informations transmises via le formulaire de contact ou d\u2019inscription<\/p><\/li><\/ul><h3 data-start=\"1332\" data-end=\"1364\">2. Finalit\u00e9s du traitement<\/h3><p data-start=\"1365\" data-end=\"1411\">Ces donn\u00e9es sont utilis\u00e9es uniquement pour :<\/p><ul data-start=\"1412\" data-end=\"1591\"><li data-start=\"1412\" data-end=\"1450\"><p data-start=\"1414\" data-end=\"1450\">R\u00e9pondre \u00e0 vos demandes de contact<\/p><\/li><li data-start=\"1451\" data-end=\"1529\"><p data-start=\"1453\" data-end=\"1529\">G\u00e9rer les inscriptions aux activit\u00e9s, aux licences et \u00e0 la vie associative<\/p><\/li><li data-start=\"1530\" data-end=\"1591\"><p data-start=\"1532\" data-end=\"1591\">Informer sur les \u00e9v\u00e9nements, matchs et actualit\u00e9s du club<\/p><\/li><\/ul><h3 data-start=\"1593\" data-end=\"1613\">3. Base l\u00e9gale<\/h3><p data-start=\"1614\" data-end=\"1657\">Le traitement des donn\u00e9es est fond\u00e9 sur :<\/p><ul data-start=\"1658\" data-end=\"1795\"><li data-start=\"1658\" data-end=\"1722\"><p data-start=\"1660\" data-end=\"1722\">Votre consentement (formulaires de contact et d\u2019inscription)<\/p><\/li><li data-start=\"1723\" data-end=\"1795\"><p data-start=\"1725\" data-end=\"1795\">Les obligations l\u00e9gales li\u00e9es \u00e0 l\u2019adh\u00e9sion et aux licences sportives<\/p><\/li><\/ul><h3 data-start=\"1797\" data-end=\"1827\">4. Dur\u00e9e de conservation<\/h3><p data-start=\"1828\" data-end=\"1955\">Vos donn\u00e9es sont conserv\u00e9es uniquement le temps n\u00e9cessaire \u00e0 leur traitement et en conformit\u00e9 avec la l\u00e9gislation en vigueur.<\/p><h3 data-start=\"1957\" data-end=\"1985\">5. Partage des donn\u00e9es<\/h3><p data-start=\"1986\" data-end=\"2186\">Les donn\u00e9es ne sont transmises qu\u2019aux destinataires habilit\u00e9s, notamment la <strong data-start=\"2062\" data-end=\"2097\">F\u00e9d\u00e9ration Fran\u00e7aise Handisport<\/strong> pour l\u2019\u00e9tablissement des licences.<br data-start=\"2132\" data-end=\"2135\" \/>Elles ne sont en aucun cas revendues \u00e0 des tiers.<\/p><h3 data-start=\"2188\" data-end=\"2207\">6. Vos droits<\/h3><p data-start=\"2208\" data-end=\"2343\">Conform\u00e9ment au <strong data-start=\"2224\" data-end=\"2282\">R\u00e8glement G\u00e9n\u00e9ral sur la Protection des Donn\u00e9es (RGPD)<\/strong> et \u00e0 la loi \u201cInformatique et Libert\u00e9s\u201d, vous disposez de :<\/p><ul data-start=\"2344\" data-end=\"2521\"><li data-start=\"2344\" data-end=\"2415\"><p data-start=\"2346\" data-end=\"2415\">Un droit d\u2019acc\u00e8s, de rectification et de suppression de vos donn\u00e9es<\/p><\/li><li data-start=\"2416\" data-end=\"2476\"><p data-start=\"2418\" data-end=\"2476\">Un droit \u00e0 la limitation et \u00e0 l\u2019opposition du traitement<\/p><\/li><li data-start=\"2477\" data-end=\"2521\"><p data-start=\"2479\" data-end=\"2521\">Un droit \u00e0 la portabilit\u00e9 de vos donn\u00e9es<\/p><\/li><\/ul><p data-start=\"2523\" data-end=\"2624\">Pour exercer vos droits :<br data-start=\"2548\" data-end=\"2551\" \/>\ud83d\udce9 Contact : toulouse.iron.club31@gmail.com<br data-start=\"2588\" data-end=\"2591\" \/>\ud83d\udcde T\u00e9l\u00e9phone :\u00a0<span style=\"font-size: 1rem;\">06 75 07 93 25<\/span><\/p><h3 data-start=\"2626\" data-end=\"2642\">7. Cookies<\/h3><p data-start=\"2643\" data-end=\"2796\">Le site peut utiliser des cookies pour am\u00e9liorer la navigation et mesurer l\u2019audience. Vous pouvez configurer votre navigateur pour refuser ces cookies.<\/p><h3 data-start=\"2798\" data-end=\"2827\">8. S\u00e9curit\u00e9 des donn\u00e9es<\/h3><p data-start=\"2828\" data-end=\"3015\">Le <strong data-start=\"2831\" data-end=\"2853\">Toulouse Iron Club<\/strong> met en place des mesures techniques et organisationnelles adapt\u00e9es pour prot\u00e9ger vos donn\u00e9es personnelles contre toute perte, alt\u00e9ration ou acc\u00e8s non autoris\u00e9.<\/p><h3 data-start=\"3017\" data-end=\"3054\">9. Modification de la politique<\/h3><p data-start=\"3055\" data-end=\"3156\">Cette politique peut \u00eatre mise \u00e0 jour afin de rester conforme aux \u00e9volutions l\u00e9gales et techniques.<\/p><p data-start=\"3055\" data-end=\"3156\"><span style=\"font-style: inherit; font-weight: inherit;\"><span style=\"text-decoration: underline;\">Date de publication :<\/span> 26\/09\/2025<\/span><\/p>\t\t\t\t\t\t\t\t<\/div>\n\t\t\t\t<\/div>\n\t\t\t\t\t<\/div>\n\t\t<\/div>\n\t\t\t\t\t<\/div>\n\t\t<\/section>\n\t\t\t\t<\/div>\n\t\t","protected":false},"excerpt":{"rendered":"<p>Politique de confidentialit\u00e9 Mentions l\u00e9gale \u00c9diteur du site Le pr\u00e9sent site https:\/\/toulouseic.fr est \u00e9dit\u00e9 par l\u2019association :Toulouse Iron Club3 Rue Pierre Laplace, 31000 ToulousePetit Palais des Sports06 75 07 93 25 toulouse.iron.club31@gmail.comAssociation d\u00e9clar\u00e9e en pr\u00e9fecture sous le num\u00e9ro W313020566. Directeur de la publication Le directeur de la publication est Jean-Pierre\u00a0Louradour, repr\u00e9sentant l\u00e9gal de l\u2019association. H\u00e9bergeur [&hellip;]<\/p>\n","protected":false},"author":1,"featured_media":3177,"parent":0,"menu_order":0,"comment_status":"closed","ping_status":"closed","template":"","meta":{"site-sidebar-layout":"no-sidebar","site-content-layout":"page-builder","ast-site-content-layout":"full-width-container","site-content-style":"unboxed","site-sidebar-style":"unboxed","ast-global-header-display":"","ast-banner-title-visibility":"","ast-main-header-display":"","ast-hfb-above-header-display":"","ast-hfb-below-header-display":"","ast-hfb-mobile-header-display":"","site-post-title":"disabled","ast-breadcrumbs-content":"","ast-featured-img":"disabled","footer-sml-layout":"","theme-transparent-header-meta":"","adv-header-id-meta":"","stick-header-meta":"","header-above-stick-meta":"","header-main-stick-meta":"","header-below-stick-meta":"","astra-migrate-meta-layouts":"set","ast-page-background-enabled":"default","ast-page-background-meta":{"desktop":{"background-color":"","background-image":"","background-repeat":"repeat","background-position":"center center","background-size":"auto","background-attachment":"scroll","background-type":"","background-media":"","overlay-type":"","overlay-color":"","overlay-opacity":"","overlay-gradient":""},"tablet":{"background-color":"","background-image":"","background-repeat":"repeat","background-position":"center center","background-size":"auto","background-attachment":"scroll","background-type":"","background-media":"","overlay-type":"","overlay-color":"","overlay-opacity":"","overlay-gradient":""},"mobile":{"background-color":"","background-image":"","background-repeat":"repeat","background-position":"center center","background-size":"auto","background-attachment":"scroll","background-type":"","background-media":"","overlay-type":"","overlay-color":"","overlay-opacity":"","overlay-gradient":""}},"ast-content-background-meta":{"desktop":{"background-color":"var(--ast-global-color-5)","background-image":"","background-repeat":"repeat","background-position":"center center","background-size":"auto","background-attachment":"scroll","background-type":"","background-media":"","overlay-type":"","overlay-color":"","overlay-opacity":"","overlay-gradient":""},"tablet":{"background-color":"var(--ast-global-color-5)","background-image":"","background-repeat":"repeat","background-position":"center center","background-size":"auto","background-attachment":"scroll","background-type":"","background-media":"","overlay-type":"","overlay-color":"","overlay-opacity":"","overlay-gradient":""},"mobile":{"background-color":"var(--ast-global-color-5)","background-image":"","background-repeat":"repeat","background-position":"center center","background-size":"auto","background-attachment":"scroll","background-type":"","background-media":"","overlay-type":"","overlay-color":"","overlay-opacity":"","overlay-gradient":""}},"footnotes":""},"class_list":["post-3503","page","type-page","status-publish","has-post-thumbnail","hentry"],"yoast_head":"<!-- This site is optimized with the Yoast SEO plugin v27.4 - https:\/\/yoast.com\/product\/yoast-seo-wordpress\/ -->\n<title>Politique de confidentialit\u00e9 - Toulouse Iron Club<\/title>\n<meta name=\"description\" content=\"Consultez les mentions l\u00e9gales et la politique de confidentialit\u00e9 du Toulouse Iron Club, le club de basket-fauteuil de Toulouse.\" \/>\n<meta name=\"robots\" content=\"index, follow, max-snippet:-1, max-image-preview:large, max-video-preview:-1\" \/>\n<link rel=\"canonical\" href=\"https:\/\/toulouseic.fr\/toulouseic.fr\/politique-de-confidentialite-mentions-legales\/\" \/>\n<meta property=\"og:locale\" content=\"fr_FR\" \/>\n<meta property=\"og:type\" content=\"article\" \/>\n<meta property=\"og:title\" content=\"Politique de confidentialit\u00e9 - Toulouse Iron Club\" \/>\n<meta property=\"og:description\" content=\"Consultez les mentions l\u00e9gales et la politique de confidentialit\u00e9 du Toulouse Iron Club, le club de basket-fauteuil de Toulouse.\" \/>\n<meta property=\"og:url\" content=\"https:\/\/toulouseic.fr\/toulouseic.fr\/politique-de-confidentialite-mentions-legales\/\" \/>\n<meta property=\"og:site_name\" content=\"Toulouse Iron Club\" \/>\n<meta property=\"article:modified_time\" content=\"2025-09-26T09:23:01+00:00\" \/>\n<meta property=\"og:image\" content=\"https:\/\/toulouseic.fr\/toulouseic.fr\/wp-content\/uploads\/2024\/03\/421909942_776857884470198_7974190083874922898_n-1.jpg\" \/>\n\t<meta property=\"og:image:width\" content=\"2048\" \/>\n\t<meta property=\"og:image:height\" content=\"1366\" \/>\n\t<meta property=\"og:image:type\" content=\"image\/jpeg\" \/>\n<meta name=\"twitter:card\" content=\"summary_large_image\" \/>\n<meta name=\"twitter:label1\" content=\"Dur\u00e9e de lecture estim\u00e9e\" \/>\n\t<meta name=\"twitter:data1\" content=\"3 minutes\" \/>\n<script type=\"application\/ld+json\" class=\"yoast-schema-graph\">{\"@context\":\"https:\\\/\\\/schema.org\",\"@graph\":[{\"@type\":\"WebPage\",\"@id\":\"https:\\\/\\\/toulouseic.fr\\\/toulouseic.fr\\\/politique-de-confidentialite-mentions-legales\\\/\",\"url\":\"https:\\\/\\\/toulouseic.fr\\\/toulouseic.fr\\\/politique-de-confidentialite-mentions-legales\\\/\",\"name\":\"Politique de confidentialit\u00e9 - Toulouse Iron Club\",\"isPartOf\":{\"@id\":\"https:\\\/\\\/toulouseic.fr\\\/toulouseic.fr\\\/#website\"},\"primaryImageOfPage\":{\"@id\":\"https:\\\/\\\/toulouseic.fr\\\/toulouseic.fr\\\/politique-de-confidentialite-mentions-legales\\\/#primaryimage\"},\"image\":{\"@id\":\"https:\\\/\\\/toulouseic.fr\\\/toulouseic.fr\\\/politique-de-confidentialite-mentions-legales\\\/#primaryimage\"},\"thumbnailUrl\":\"https:\\\/\\\/toulouseic.fr\\\/toulouseic.fr\\\/wp-content\\\/uploads\\\/2024\\\/03\\\/421909942_776857884470198_7974190083874922898_n-1.jpg\",\"datePublished\":\"2025-09-26T08:19:59+00:00\",\"dateModified\":\"2025-09-26T09:23:01+00:00\",\"description\":\"Consultez les mentions l\u00e9gales et la politique de confidentialit\u00e9 du Toulouse Iron Club, le club de basket-fauteuil de Toulouse.\",\"breadcrumb\":{\"@id\":\"https:\\\/\\\/toulouseic.fr\\\/toulouseic.fr\\\/politique-de-confidentialite-mentions-legales\\\/#breadcrumb\"},\"inLanguage\":\"fr-FR\",\"potentialAction\":[{\"@type\":\"ReadAction\",\"target\":[\"https:\\\/\\\/toulouseic.fr\\\/toulouseic.fr\\\/politique-de-confidentialite-mentions-legales\\\/\"]}]},{\"@type\":\"ImageObject\",\"inLanguage\":\"fr-FR\",\"@id\":\"https:\\\/\\\/toulouseic.fr\\\/toulouseic.fr\\\/politique-de-confidentialite-mentions-legales\\\/#primaryimage\",\"url\":\"https:\\\/\\\/toulouseic.fr\\\/toulouseic.fr\\\/wp-content\\\/uploads\\\/2024\\\/03\\\/421909942_776857884470198_7974190083874922898_n-1.jpg\",\"contentUrl\":\"https:\\\/\\\/toulouseic.fr\\\/toulouseic.fr\\\/wp-content\\\/uploads\\\/2024\\\/03\\\/421909942_776857884470198_7974190083874922898_n-1.jpg\",\"width\":2048,\"height\":1366},{\"@type\":\"BreadcrumbList\",\"@id\":\"https:\\\/\\\/toulouseic.fr\\\/toulouseic.fr\\\/politique-de-confidentialite-mentions-legales\\\/#breadcrumb\",\"itemListElement\":[{\"@type\":\"ListItem\",\"position\":1,\"name\":\"Accueil\",\"item\":\"https:\\\/\\\/toulouseic.fr\\\/toulouseic.fr\\\/\"},{\"@type\":\"ListItem\",\"position\":2,\"name\":\"Politique de confidentialit\u00e9\"}]},{\"@type\":\"WebSite\",\"@id\":\"https:\\\/\\\/toulouseic.fr\\\/toulouseic.fr\\\/#website\",\"url\":\"https:\\\/\\\/toulouseic.fr\\\/toulouseic.fr\\\/\",\"name\":\"Toulouse Iron Club\",\"description\":\"Un esprit, une \u00e9quipe, un vainqueur ... Le sport\",\"publisher\":{\"@id\":\"https:\\\/\\\/toulouseic.fr\\\/toulouseic.fr\\\/#organization\"},\"potentialAction\":[{\"@type\":\"SearchAction\",\"target\":{\"@type\":\"EntryPoint\",\"urlTemplate\":\"https:\\\/\\\/toulouseic.fr\\\/toulouseic.fr\\\/?s={search_term_string}\"},\"query-input\":{\"@type\":\"PropertyValueSpecification\",\"valueRequired\":true,\"valueName\":\"search_term_string\"}}],\"inLanguage\":\"fr-FR\"},{\"@type\":\"Organization\",\"@id\":\"https:\\\/\\\/toulouseic.fr\\\/toulouseic.fr\\\/#organization\",\"name\":\"Toulouse Iron Club\",\"url\":\"https:\\\/\\\/toulouseic.fr\\\/toulouseic.fr\\\/\",\"logo\":{\"@type\":\"ImageObject\",\"inLanguage\":\"fr-FR\",\"@id\":\"https:\\\/\\\/toulouseic.fr\\\/toulouseic.fr\\\/#\\\/schema\\\/logo\\\/image\\\/\",\"url\":\"https:\\\/\\\/toulouseic.fr\\\/toulouseic.fr\\\/wp-content\\\/uploads\\\/2022\\\/10\\\/Logo-officiel-decoupe.png\",\"contentUrl\":\"https:\\\/\\\/toulouseic.fr\\\/toulouseic.fr\\\/wp-content\\\/uploads\\\/2022\\\/10\\\/Logo-officiel-decoupe.png\",\"width\":500,\"height\":461,\"caption\":\"Toulouse Iron Club\"},\"image\":{\"@id\":\"https:\\\/\\\/toulouseic.fr\\\/toulouseic.fr\\\/#\\\/schema\\\/logo\\\/image\\\/\"}}]}<\/script>\n<!-- \/ Yoast SEO plugin. -->","yoast_head_json":{"title":"Politique de confidentialit\u00e9 - Toulouse Iron Club","description":"Consultez les mentions l\u00e9gales et la politique de confidentialit\u00e9 du Toulouse Iron Club, le club de basket-fauteuil de Toulouse.","robots":{"index":"index","follow":"follow","max-snippet":"max-snippet:-1","max-image-preview":"max-image-preview:large","max-video-preview":"max-video-preview:-1"},"canonical":"https:\/\/toulouseic.fr\/toulouseic.fr\/politique-de-confidentialite-mentions-legales\/","og_locale":"fr_FR","og_type":"article","og_title":"Politique de confidentialit\u00e9 - Toulouse Iron Club","og_description":"Consultez les mentions l\u00e9gales et la politique de confidentialit\u00e9 du Toulouse Iron Club, le club de basket-fauteuil de Toulouse.","og_url":"https:\/\/toulouseic.fr\/toulouseic.fr\/politique-de-confidentialite-mentions-legales\/","og_site_name":"Toulouse Iron Club","article_modified_time":"2025-09-26T09:23:01+00:00","og_image":[{"width":2048,"height":1366,"url":"https:\/\/toulouseic.fr\/toulouseic.fr\/wp-content\/uploads\/2024\/03\/421909942_776857884470198_7974190083874922898_n-1.jpg","type":"image\/jpeg"}],"twitter_card":"summary_large_image","twitter_misc":{"Dur\u00e9e de lecture estim\u00e9e":"3 minutes"},"schema":{"@context":"https:\/\/schema.org","@graph":[{"@type":"WebPage","@id":"https:\/\/toulouseic.fr\/toulouseic.fr\/politique-de-confidentialite-mentions-legales\/","url":"https:\/\/toulouseic.fr\/toulouseic.fr\/politique-de-confidentialite-mentions-legales\/","name":"Politique de confidentialit\u00e9 - Toulouse Iron Club","isPartOf":{"@id":"https:\/\/toulouseic.fr\/toulouseic.fr\/#website"},"primaryImageOfPage":{"@id":"https:\/\/toulouseic.fr\/toulouseic.fr\/politique-de-confidentialite-mentions-legales\/#primaryimage"},"image":{"@id":"https:\/\/toulouseic.fr\/toulouseic.fr\/politique-de-confidentialite-mentions-legales\/#primaryimage"},"thumbnailUrl":"https:\/\/toulouseic.fr\/toulouseic.fr\/wp-content\/uploads\/2024\/03\/421909942_776857884470198_7974190083874922898_n-1.jpg","datePublished":"2025-09-26T08:19:59+00:00","dateModified":"2025-09-26T09:23:01+00:00","description":"Consultez les mentions l\u00e9gales et la politique de confidentialit\u00e9 du Toulouse Iron Club, le club de basket-fauteuil de Toulouse.","breadcrumb":{"@id":"https:\/\/toulouseic.fr\/toulouseic.fr\/politique-de-confidentialite-mentions-legales\/#breadcrumb"},"inLanguage":"fr-FR","potentialAction":[{"@type":"ReadAction","target":["https:\/\/toulouseic.fr\/toulouseic.fr\/politique-de-confidentialite-mentions-legales\/"]}]},{"@type":"ImageObject","inLanguage":"fr-FR","@id":"https:\/\/toulouseic.fr\/toulouseic.fr\/politique-de-confidentialite-mentions-legales\/#primaryimage","url":"https:\/\/toulouseic.fr\/toulouseic.fr\/wp-content\/uploads\/2024\/03\/421909942_776857884470198_7974190083874922898_n-1.jpg","contentUrl":"https:\/\/toulouseic.fr\/toulouseic.fr\/wp-content\/uploads\/2024\/03\/421909942_776857884470198_7974190083874922898_n-1.jpg","width":2048,"height":1366},{"@type":"BreadcrumbList","@id":"https:\/\/toulouseic.fr\/toulouseic.fr\/politique-de-confidentialite-mentions-legales\/#breadcrumb","itemListElement":[{"@type":"ListItem","position":1,"name":"Accueil","item":"https:\/\/toulouseic.fr\/toulouseic.fr\/"},{"@type":"ListItem","position":2,"name":"Politique de confidentialit\u00e9"}]},{"@type":"WebSite","@id":"https:\/\/toulouseic.fr\/toulouseic.fr\/#website","url":"https:\/\/toulouseic.fr\/toulouseic.fr\/","name":"Toulouse Iron Club","description":"Un esprit, une \u00e9quipe, un vainqueur ... Le sport","publisher":{"@id":"https:\/\/toulouseic.fr\/toulouseic.fr\/#organization"},"potentialAction":[{"@type":"SearchAction","target":{"@type":"EntryPoint","urlTemplate":"https:\/\/toulouseic.fr\/toulouseic.fr\/?s={search_term_string}"},"query-input":{"@type":"PropertyValueSpecification","valueRequired":true,"valueName":"search_term_string"}}],"inLanguage":"fr-FR"},{"@type":"Organization","@id":"https:\/\/toulouseic.fr\/toulouseic.fr\/#organization","name":"Toulouse Iron Club","url":"https:\/\/toulouseic.fr\/toulouseic.fr\/","logo":{"@type":"ImageObject","inLanguage":"fr-FR","@id":"https:\/\/toulouseic.fr\/toulouseic.fr\/#\/schema\/logo\/image\/","url":"https:\/\/toulouseic.fr\/toulouseic.fr\/wp-content\/uploads\/2022\/10\/Logo-officiel-decoupe.png","contentUrl":"https:\/\/toulouseic.fr\/toulouseic.fr\/wp-content\/uploads\/2022\/10\/Logo-officiel-decoupe.png","width":500,"height":461,"caption":"Toulouse Iron Club"},"image":{"@id":"https:\/\/toulouseic.fr\/toulouseic.fr\/#\/schema\/logo\/image\/"}}]}},"_links":{"self":[{"href":"https:\/\/toulouseic.fr\/toulouseic.fr\/wp-json\/wp\/v2\/pages\/3503","targetHints":{"allow":["GET"]}}],"collection":[{"href":"https:\/\/toulouseic.fr\/toulouseic.fr\/wp-json\/wp\/v2\/pages"}],"about":[{"href":"https:\/\/toulouseic.fr\/toulouseic.fr\/wp-json\/wp\/v2\/types\/page"}],"author":[{"embeddable":true,"href":"https:\/\/toulouseic.fr\/toulouseic.fr\/wp-json\/wp\/v2\/users\/1"}],"replies":[{"embeddable":true,"href":"https:\/\/toulouseic.fr\/toulouseic.fr\/wp-json\/wp\/v2\/comments?post=3503"}],"version-history":[{"count":5,"href":"https:\/\/toulouseic.fr\/toulouseic.fr\/wp-json\/wp\/v2\/pages\/3503\/revisions"}],"predecessor-version":[{"id":3510,"href":"https:\/\/toulouseic.fr\/toulouseic.fr\/wp-json\/wp\/v2\/pages\/3503\/revisions\/3510"}],"wp:featuredmedia":[{"embeddable":true,"href":"https:\/\/toulouseic.fr\/toulouseic.fr\/wp-json\/wp\/v2\/media\/3177"}],"wp:attachment":[{"href":"https:\/\/toulouseic.fr\/toulouseic.fr\/wp-json\/wp\/v2\/media?parent=3503"}],"curies":[{"name":"wp","href":"https:\/\/api.w.org\/{rel}","templated":true}]}}