{"id":1426,"date":"2022-10-20T16:37:38","date_gmt":"2022-10-20T14:37:38","guid":{"rendered":"https:\/\/toulouseic.fr\/toulouseic.fr\/?page_id=1426"},"modified":"2025-12-30T15:05:08","modified_gmt":"2025-12-30T14:05:08","slug":"articles","status":"publish","type":"page","link":"https:\/\/toulouseic.fr\/toulouseic.fr\/toulouse-iron-club-basket-fauteuil\/accueil\/articles\/","title":{"rendered":"Articles"},"content":{"rendered":"\t\t<div data-elementor-type=\"wp-page\" data-elementor-id=\"1426\" class=\"elementor elementor-1426\">\n\t\t\t\t\t\t<section class=\"elementor-section elementor-top-section elementor-element elementor-element-miklms0 elementor-section-boxed elementor-section-height-default elementor-section-height-default\" data-id=\"miklms0\" data-element_type=\"section\" data-e-type=\"section\" data-settings=\"{&quot;background_background&quot;:&quot;classic&quot;}\">\n\t\t\t\t\t\t\t<div class=\"elementor-background-overlay\"><\/div>\n\t\t\t\t\t\t\t<div class=\"elementor-container elementor-column-gap-default\">\n\t\t\t\t\t<div class=\"elementor-column elementor-col-100 elementor-top-column elementor-element elementor-element-fd69444\" data-id=\"fd69444\" data-element_type=\"column\" data-e-type=\"column\">\n\t\t\t<div class=\"elementor-widget-wrap elementor-element-populated\">\n\t\t\t\t\t\t<div class=\"elementor-element elementor-element-abcc2f2 elementor-widget elementor-widget-heading\" data-id=\"abcc2f2\" data-element_type=\"widget\" data-e-type=\"widget\" data-widget_type=\"heading.default\">\n\t\t\t\t<div class=\"elementor-widget-container\">\n\t\t\t\t\t<h1 class=\"elementor-heading-title elementor-size-default\">ACTU<\/h1>\t\t\t\t<\/div>\n\t\t\t\t<\/div>\n\t\t\t\t\t<\/div>\n\t\t<\/div>\n\t\t\t\t\t<\/div>\n\t\t<\/section>\n\t\t\t\t<section class=\"elementor-section elementor-top-section elementor-element elementor-element-598974f elementor-section-boxed elementor-section-height-default elementor-section-height-default\" data-id=\"598974f\" data-element_type=\"section\" data-e-type=\"section\">\n\t\t\t\t\t\t<div class=\"elementor-container elementor-column-gap-default\">\n\t\t\t\t\t<div class=\"elementor-column elementor-col-100 elementor-top-column elementor-element elementor-element-7919deb\" data-id=\"7919deb\" data-element_type=\"column\" data-e-type=\"column\">\n\t\t\t<div class=\"elementor-widget-wrap elementor-element-populated\">\n\t\t\t\t\t\t<div class=\"elementor-element elementor-element-1506944 elementor-widget elementor-widget-heading\" data-id=\"1506944\" data-element_type=\"widget\" data-e-type=\"widget\" data-widget_type=\"heading.default\">\n\t\t\t\t<div class=\"elementor-widget-container\">\n\t\t\t\t\t<h2 class=\"elementor-heading-title elementor-size-default\">Les actus du TIC<\/h2>\t\t\t\t<\/div>\n\t\t\t\t<\/div>\n\t\t\t\t<div class=\"elementor-element elementor-element-3aa51c2 elementor-widget elementor-widget-text-editor\" data-id=\"3aa51c2\" data-element_type=\"widget\" data-e-type=\"widget\" data-widget_type=\"text-editor.default\">\n\t\t\t\t<div class=\"elementor-widget-container\">\n\t\t\t\t\t\t\t\t\t<p data-start=\"0\" data-end=\"48\"><strong data-start=\"0\" data-end=\"46\">Changement \u00e0 la t\u00eate du Toulouse Iron Club<\/strong><\/p><p data-start=\"50\" data-end=\"408\">Le Toulouse Iron Club est heureux d\u2019annoncer l\u2019arriv\u00e9e de <strong data-start=\"108\" data-end=\"138\">Nadir AMGHAR<\/strong> en qualit\u00e9 d\u2019entra\u00eeneur principal. Fort de son exp\u00e9rience, il prendra officiellement ses fonctions d\u00e8s la rentr\u00e9e et mettra en place un programme de travail alliant rigueur, coh\u00e9sion et performance.<\/p><p data-start=\"410\" data-end=\"716\">Nous tenons \u00e0 remercier chaleureusement <b>Jean-Marc LAUTRE<\/b>\u00a0pour son d\u00e9vouement et son engagement au service du club lors de la saison pass\u00e9e. Son professionnalisme et son esprit d\u2019\u00e9quipe ont marqu\u00e9 chaque membre de notre communaut\u00e9, et nous lui souhaitons le meilleur pour la suite de ses projets.<\/p>\t\t\t\t\t\t\t\t<\/div>\n\t\t\t\t<\/div>\n\t\t\t\t<div class=\"elementor-element elementor-element-6c3bf73 elementor-widget elementor-widget-image\" data-id=\"6c3bf73\" data-element_type=\"widget\" data-e-type=\"widget\" data-widget_type=\"image.default\">\n\t\t\t\t<div class=\"elementor-widget-container\">\n\t\t\t\t\t\t\t\t\t\t\t\t\t\t\t\t<a href=\"https:\/\/www.ladepeche.fr\/2025\/12\/27\/basket-fauteuil-pour-le-tic-le-changement-ca-prend-du-temps-13132787.php\">\n\t\t\t\t\t\t\t<img fetchpriority=\"high\" decoding=\"async\" width=\"1024\" height=\"368\" src=\"https:\/\/toulouseic.fr\/toulouseic.fr\/wp-content\/uploads\/2025\/12\/WhatsApp-Image-2025-12-27-at-10.43.42-1024x368.jpeg\" class=\"attachment-large size-large wp-image-3737\" alt=\"\" srcset=\"https:\/\/toulouseic.fr\/toulouseic.fr\/wp-content\/uploads\/2025\/12\/WhatsApp-Image-2025-12-27-at-10.43.42-1024x368.jpeg 1024w, https:\/\/toulouseic.fr\/toulouseic.fr\/wp-content\/uploads\/2025\/12\/WhatsApp-Image-2025-12-27-at-10.43.42-300x108.jpeg 300w, https:\/\/toulouseic.fr\/toulouseic.fr\/wp-content\/uploads\/2025\/12\/WhatsApp-Image-2025-12-27-at-10.43.42-768x276.jpeg 768w, https:\/\/toulouseic.fr\/toulouseic.fr\/wp-content\/uploads\/2025\/12\/WhatsApp-Image-2025-12-27-at-10.43.42.jpeg 1124w\" sizes=\"(max-width: 1024px) 100vw, 1024px\" \/>\t\t\t\t\t\t\t\t<\/a>\n\t\t\t\t\t\t\t\t\t\t\t\t\t\t\t<\/div>\n\t\t\t\t<\/div>\n\t\t\t\t<div class=\"elementor-element elementor-element-3894d80 elementor-widget elementor-widget-image\" data-id=\"3894d80\" data-element_type=\"widget\" data-e-type=\"widget\" data-widget_type=\"image.default\">\n\t\t\t\t<div class=\"elementor-widget-container\">\n\t\t\t\t\t\t\t\t\t\t\t\t\t\t\t<img decoding=\"async\" width=\"768\" height=\"1078\" src=\"https:\/\/toulouseic.fr\/toulouseic.fr\/wp-content\/uploads\/2025\/12\/1ere-victoire-pour-le-TIC-768x1078.jpeg\" class=\"attachment-medium_large size-medium_large wp-image-3727\" alt=\"Article de la D\u00e9p\u00eache du Midi sur la premi\u00e8re victoire de l&#039;\u00e9quipe \u00e9lite, survenue le 29\/11\/2025 du Toulouse Iron Club face \u00e0 Lille sur la saison 2025-2026\" srcset=\"https:\/\/toulouseic.fr\/toulouseic.fr\/wp-content\/uploads\/2025\/12\/1ere-victoire-pour-le-TIC-768x1078.jpeg 768w, https:\/\/toulouseic.fr\/toulouseic.fr\/wp-content\/uploads\/2025\/12\/1ere-victoire-pour-le-TIC-214x300.jpeg 214w, https:\/\/toulouseic.fr\/toulouseic.fr\/wp-content\/uploads\/2025\/12\/1ere-victoire-pour-le-TIC-730x1024.jpeg 730w, https:\/\/toulouseic.fr\/toulouseic.fr\/wp-content\/uploads\/2025\/12\/1ere-victoire-pour-le-TIC-1094x1536.jpeg 1094w, https:\/\/toulouseic.fr\/toulouseic.fr\/wp-content\/uploads\/2025\/12\/1ere-victoire-pour-le-TIC.jpeg 1125w\" sizes=\"(max-width: 768px) 100vw, 768px\" \/>\t\t\t\t\t\t\t\t\t\t\t\t\t\t\t<\/div>\n\t\t\t\t<\/div>\n\t\t\t\t<div class=\"elementor-element elementor-element-48bf6ea elementor-widget elementor-widget-image\" data-id=\"48bf6ea\" data-element_type=\"widget\" data-e-type=\"widget\" data-widget_type=\"image.default\">\n\t\t\t\t<div class=\"elementor-widget-container\">\n\t\t\t\t\t\t\t\t\t\t\t\t\t\t\t<img decoding=\"async\" width=\"755\" height=\"1024\" src=\"https:\/\/toulouseic.fr\/toulouseic.fr\/wp-content\/uploads\/2025\/07\/newentraineur-755x1024.jpg\" class=\"attachment-large size-large wp-image-3333\" alt=\"\" srcset=\"https:\/\/toulouseic.fr\/toulouseic.fr\/wp-content\/uploads\/2025\/07\/newentraineur-755x1024.jpg 755w, https:\/\/toulouseic.fr\/toulouseic.fr\/wp-content\/uploads\/2025\/07\/newentraineur-221x300.jpg 221w, https:\/\/toulouseic.fr\/toulouseic.fr\/wp-content\/uploads\/2025\/07\/newentraineur-768x1042.jpg 768w, https:\/\/toulouseic.fr\/toulouseic.fr\/wp-content\/uploads\/2025\/07\/newentraineur.jpg 972w\" sizes=\"(max-width: 755px) 100vw, 755px\" \/>\t\t\t\t\t\t\t\t\t\t\t\t\t\t\t<\/div>\n\t\t\t\t<\/div>\n\t\t\t\t<div class=\"elementor-element elementor-element-6841259 elementor-widget elementor-widget-image\" data-id=\"6841259\" data-element_type=\"widget\" data-e-type=\"widget\" data-widget_type=\"image.default\">\n\t\t\t\t<div class=\"elementor-widget-container\">\n\t\t\t\t\t\t\t\t\t\t\t\t\t\t\t<img loading=\"lazy\" decoding=\"async\" width=\"1024\" height=\"442\" src=\"https:\/\/toulouseic.fr\/toulouseic.fr\/wp-content\/uploads\/2025\/06\/PHOTO-2025-06-26-21-14-48-1024x442.jpg\" class=\"attachment-large size-large wp-image-3328\" alt=\"\" srcset=\"https:\/\/toulouseic.fr\/toulouseic.fr\/wp-content\/uploads\/2025\/06\/PHOTO-2025-06-26-21-14-48-1024x442.jpg 1024w, https:\/\/toulouseic.fr\/toulouseic.fr\/wp-content\/uploads\/2025\/06\/PHOTO-2025-06-26-21-14-48-300x130.jpg 300w, https:\/\/toulouseic.fr\/toulouseic.fr\/wp-content\/uploads\/2025\/06\/PHOTO-2025-06-26-21-14-48-768x332.jpg 768w, https:\/\/toulouseic.fr\/toulouseic.fr\/wp-content\/uploads\/2025\/06\/PHOTO-2025-06-26-21-14-48.jpg 1125w\" sizes=\"(max-width: 1024px) 100vw, 1024px\" \/>\t\t\t\t\t\t\t\t\t\t\t\t\t\t\t<\/div>\n\t\t\t\t<\/div>\n\t\t\t\t\t<\/div>\n\t\t<\/div>\n\t\t\t\t\t<\/div>\n\t\t<\/section>\n\t\t\t\t<section class=\"elementor-section elementor-top-section elementor-element elementor-element-0adb14b elementor-section-boxed elementor-section-height-default elementor-section-height-default\" data-id=\"0adb14b\" data-element_type=\"section\" data-e-type=\"section\">\n\t\t\t\t\t\t<div class=\"elementor-container elementor-column-gap-default\">\n\t\t\t\t\t<div class=\"elementor-column elementor-col-100 elementor-top-column elementor-element elementor-element-0e6cde0\" data-id=\"0e6cde0\" data-element_type=\"column\" data-e-type=\"column\">\n\t\t\t<div class=\"elementor-widget-wrap elementor-element-populated\">\n\t\t\t\t\t\t<div class=\"elementor-element elementor-element-6623595 elementor-widget elementor-widget-spacer\" data-id=\"6623595\" data-element_type=\"widget\" data-e-type=\"widget\" data-widget_type=\"spacer.default\">\n\t\t\t\t<div class=\"elementor-widget-container\">\n\t\t\t\t\t\t\t<div class=\"elementor-spacer\">\n\t\t\t<div class=\"elementor-spacer-inner\"><\/div>\n\t\t<\/div>\n\t\t\t\t\t\t<\/div>\n\t\t\t\t<\/div>\n\t\t\t\t\t<\/div>\n\t\t<\/div>\n\t\t\t\t\t<\/div>\n\t\t<\/section>\n\t\t\t\t<section class=\"elementor-section elementor-top-section elementor-element elementor-element-5160f38 elementor-section-boxed elementor-section-height-default elementor-section-height-default\" data-id=\"5160f38\" data-element_type=\"section\" data-e-type=\"section\">\n\t\t\t\t\t\t<div class=\"elementor-container elementor-column-gap-default\">\n\t\t\t\t\t<div class=\"elementor-column elementor-col-100 elementor-top-column elementor-element elementor-element-e9fd7b3\" data-id=\"e9fd7b3\" data-element_type=\"column\" data-e-type=\"column\">\n\t\t\t<div class=\"elementor-widget-wrap elementor-element-populated\">\n\t\t\t\t\t\t<div class=\"elementor-element elementor-element-7456172 elementor-widget elementor-widget-image\" data-id=\"7456172\" data-element_type=\"widget\" data-e-type=\"widget\" data-widget_type=\"image.default\">\n\t\t\t\t<div class=\"elementor-widget-container\">\n\t\t\t\t\t\t\t\t\t\t\t\t\t\t\t<img loading=\"lazy\" decoding=\"async\" width=\"1024\" height=\"951\" src=\"https:\/\/toulouseic.fr\/toulouseic.fr\/wp-content\/uploads\/2025\/01\/WhatsApp-Image-2025-01-16-at-16.03.29-1024x951.jpeg\" class=\"attachment-large size-large wp-image-3316\" alt=\"\" srcset=\"https:\/\/toulouseic.fr\/toulouseic.fr\/wp-content\/uploads\/2025\/01\/WhatsApp-Image-2025-01-16-at-16.03.29-1024x951.jpeg 1024w, https:\/\/toulouseic.fr\/toulouseic.fr\/wp-content\/uploads\/2025\/01\/WhatsApp-Image-2025-01-16-at-16.03.29-300x279.jpeg 300w, https:\/\/toulouseic.fr\/toulouseic.fr\/wp-content\/uploads\/2025\/01\/WhatsApp-Image-2025-01-16-at-16.03.29-768x713.jpeg 768w, https:\/\/toulouseic.fr\/toulouseic.fr\/wp-content\/uploads\/2025\/01\/WhatsApp-Image-2025-01-16-at-16.03.29.jpeg 1125w\" sizes=\"(max-width: 1024px) 100vw, 1024px\" \/>\t\t\t\t\t\t\t\t\t\t\t\t\t\t\t<\/div>\n\t\t\t\t<\/div>\n\t\t\t\t\t<\/div>\n\t\t<\/div>\n\t\t\t\t\t<\/div>\n\t\t<\/section>\n\t\t\t\t<\/div>\n\t\t","protected":false},"excerpt":{"rendered":"<p>ACTU Les actus du TIC Changement \u00e0 la t\u00eate du Toulouse Iron Club Le Toulouse Iron Club est heureux d\u2019annoncer l\u2019arriv\u00e9e de Nadir AMGHAR en qualit\u00e9 d\u2019entra\u00eeneur principal. Fort de son exp\u00e9rience, il prendra officiellement ses fonctions d\u00e8s la rentr\u00e9e et mettra en place un programme de travail alliant rigueur, coh\u00e9sion et performance. Nous tenons [&hellip;]<\/p>\n","protected":false},"author":1,"featured_media":0,"parent":170,"menu_order":0,"comment_status":"closed","ping_status":"closed","template":"","meta":{"site-sidebar-layout":"no-sidebar","site-content-layout":"page-builder","ast-site-content-layout":"default","site-content-style":"default","site-sidebar-style":"default","ast-global-header-display":"","ast-banner-title-visibility":"","ast-main-header-display":"","ast-hfb-above-header-display":"","ast-hfb-below-header-display":"","ast-hfb-mobile-header-display":"","site-post-title":"disabled","ast-breadcrumbs-content":"","ast-featured-img":"disabled","footer-sml-layout":"","theme-transparent-header-meta":"","adv-header-id-meta":"","stick-header-meta":"","header-above-stick-meta":"","header-main-stick-meta":"","header-below-stick-meta":"","astra-migrate-meta-layouts":"default","ast-page-background-enabled":"default","ast-page-background-meta":{"desktop":{"background-color":"","background-image":"","background-repeat":"repeat","background-position":"center center","background-size":"auto","background-attachment":"scroll","background-type":"","background-media":"","overlay-type":"","overlay-color":"","overlay-opacity":"","overlay-gradient":""},"tablet":{"background-color":"","background-image":"","background-repeat":"repeat","background-position":"center center","background-size":"auto","background-attachment":"scroll","background-type":"","background-media":"","overlay-type":"","overlay-color":"","overlay-opacity":"","overlay-gradient":""},"mobile":{"background-color":"","background-image":"","background-repeat":"repeat","background-position":"center center","background-size":"auto","background-attachment":"scroll","background-type":"","background-media":"","overlay-type":"","overlay-color":"","overlay-opacity":"","overlay-gradient":""}},"ast-content-background-meta":{"desktop":{"background-color":"var(--ast-global-color-5)","background-image":"","background-repeat":"repeat","background-position":"center center","background-size":"auto","background-attachment":"scroll","background-type":"","background-media":"","overlay-type":"","overlay-color":"","overlay-opacity":"","overlay-gradient":""},"tablet":{"background-color":"var(--ast-global-color-5)","background-image":"","background-repeat":"repeat","background-position":"center center","background-size":"auto","background-attachment":"scroll","background-type":"","background-media":"","overlay-type":"","overlay-color":"","overlay-opacity":"","overlay-gradient":""},"mobile":{"background-color":"var(--ast-global-color-5)","background-image":"","background-repeat":"repeat","background-position":"center center","background-size":"auto","background-attachment":"scroll","background-type":"","background-media":"","overlay-type":"","overlay-color":"","overlay-opacity":"","overlay-gradient":""}},"footnotes":""},"class_list":["post-1426","page","type-page","status-publish","hentry"],"yoast_head":"<!-- This site is optimized with the Yoast SEO plugin v27.4 - https:\/\/yoast.com\/product\/yoast-seo-wordpress\/ -->\n<title>Articles - Toulouse Iron Club<\/title>\n<meta name=\"robots\" content=\"index, follow, max-snippet:-1, max-image-preview:large, max-video-preview:-1\" \/>\n<link rel=\"canonical\" href=\"https:\/\/toulouseic.fr\/toulouseic.fr\/toulouse-iron-club-basket-fauteuil\/accueil\/articles\/\" \/>\n<meta property=\"og:locale\" content=\"fr_FR\" \/>\n<meta property=\"og:type\" content=\"article\" \/>\n<meta property=\"og:title\" content=\"Articles - Toulouse Iron Club\" \/>\n<meta property=\"og:description\" content=\"ACTU Les actus du TIC Changement \u00e0 la t\u00eate du Toulouse Iron Club Le Toulouse Iron Club est heureux d\u2019annoncer l\u2019arriv\u00e9e de Nadir AMGHAR en qualit\u00e9 d\u2019entra\u00eeneur principal. Fort de son exp\u00e9rience, il prendra officiellement ses fonctions d\u00e8s la rentr\u00e9e et mettra en place un programme de travail alliant rigueur, coh\u00e9sion et performance. Nous tenons [&hellip;]\" \/>\n<meta property=\"og:url\" content=\"https:\/\/toulouseic.fr\/toulouseic.fr\/toulouse-iron-club-basket-fauteuil\/accueil\/articles\/\" \/>\n<meta property=\"og:site_name\" content=\"Toulouse Iron Club\" \/>\n<meta property=\"article:modified_time\" content=\"2025-12-30T14:05:08+00:00\" \/>\n<meta property=\"og:image\" content=\"https:\/\/toulouseic.fr\/toulouseic.fr\/wp-content\/uploads\/2025\/12\/WhatsApp-Image-2025-12-27-at-10.43.42.jpeg\" \/>\n\t<meta property=\"og:image:width\" content=\"1124\" \/>\n\t<meta property=\"og:image:height\" content=\"404\" \/>\n\t<meta property=\"og:image:type\" content=\"image\/jpeg\" \/>\n<meta name=\"twitter:card\" content=\"summary_large_image\" \/>\n<meta name=\"twitter:label1\" content=\"Dur\u00e9e de lecture estim\u00e9e\" \/>\n\t<meta name=\"twitter:data1\" content=\"2 minutes\" \/>\n<script type=\"application\/ld+json\" class=\"yoast-schema-graph\">{\"@context\":\"https:\\\/\\\/schema.org\",\"@graph\":[{\"@type\":\"WebPage\",\"@id\":\"https:\\\/\\\/toulouseic.fr\\\/toulouseic.fr\\\/toulouse-iron-club-basket-fauteuil\\\/accueil\\\/articles\\\/\",\"url\":\"https:\\\/\\\/toulouseic.fr\\\/toulouseic.fr\\\/toulouse-iron-club-basket-fauteuil\\\/accueil\\\/articles\\\/\",\"name\":\"Articles - Toulouse Iron Club\",\"isPartOf\":{\"@id\":\"https:\\\/\\\/toulouseic.fr\\\/toulouseic.fr\\\/#website\"},\"primaryImageOfPage\":{\"@id\":\"https:\\\/\\\/toulouseic.fr\\\/toulouseic.fr\\\/toulouse-iron-club-basket-fauteuil\\\/accueil\\\/articles\\\/#primaryimage\"},\"image\":{\"@id\":\"https:\\\/\\\/toulouseic.fr\\\/toulouseic.fr\\\/toulouse-iron-club-basket-fauteuil\\\/accueil\\\/articles\\\/#primaryimage\"},\"thumbnailUrl\":\"https:\\\/\\\/toulouseic.fr\\\/toulouseic.fr\\\/wp-content\\\/uploads\\\/2025\\\/12\\\/WhatsApp-Image-2025-12-27-at-10.43.42-1024x368.jpeg\",\"datePublished\":\"2022-10-20T14:37:38+00:00\",\"dateModified\":\"2025-12-30T14:05:08+00:00\",\"breadcrumb\":{\"@id\":\"https:\\\/\\\/toulouseic.fr\\\/toulouseic.fr\\\/toulouse-iron-club-basket-fauteuil\\\/accueil\\\/articles\\\/#breadcrumb\"},\"inLanguage\":\"fr-FR\",\"potentialAction\":[{\"@type\":\"ReadAction\",\"target\":[\"https:\\\/\\\/toulouseic.fr\\\/toulouseic.fr\\\/toulouse-iron-club-basket-fauteuil\\\/accueil\\\/articles\\\/\"]}]},{\"@type\":\"ImageObject\",\"inLanguage\":\"fr-FR\",\"@id\":\"https:\\\/\\\/toulouseic.fr\\\/toulouseic.fr\\\/toulouse-iron-club-basket-fauteuil\\\/accueil\\\/articles\\\/#primaryimage\",\"url\":\"https:\\\/\\\/toulouseic.fr\\\/toulouseic.fr\\\/wp-content\\\/uploads\\\/2025\\\/12\\\/WhatsApp-Image-2025-12-27-at-10.43.42.jpeg\",\"contentUrl\":\"https:\\\/\\\/toulouseic.fr\\\/toulouseic.fr\\\/wp-content\\\/uploads\\\/2025\\\/12\\\/WhatsApp-Image-2025-12-27-at-10.43.42.jpeg\",\"width\":1124,\"height\":404},{\"@type\":\"BreadcrumbList\",\"@id\":\"https:\\\/\\\/toulouseic.fr\\\/toulouseic.fr\\\/toulouse-iron-club-basket-fauteuil\\\/accueil\\\/articles\\\/#breadcrumb\",\"itemListElement\":[{\"@type\":\"ListItem\",\"position\":1,\"name\":\"Accueil\",\"item\":\"https:\\\/\\\/toulouseic.fr\\\/toulouseic.fr\\\/\"},{\"@type\":\"ListItem\",\"position\":2,\"name\":\"Home\",\"item\":\"https:\\\/\\\/toulouseic.fr\\\/toulouseic.fr\\\/\"},{\"@type\":\"ListItem\",\"position\":3,\"name\":\"Accueil (22)\",\"item\":\"https:\\\/\\\/toulouseic.fr\\\/toulouseic.fr\\\/toulouse-iron-club-basket-fauteuil\\\/accueil\\\/\"},{\"@type\":\"ListItem\",\"position\":4,\"name\":\"Articles\"}]},{\"@type\":\"WebSite\",\"@id\":\"https:\\\/\\\/toulouseic.fr\\\/toulouseic.fr\\\/#website\",\"url\":\"https:\\\/\\\/toulouseic.fr\\\/toulouseic.fr\\\/\",\"name\":\"Toulouse Iron Club\",\"description\":\"Un esprit, une \u00e9quipe, un vainqueur ... Le sport\",\"publisher\":{\"@id\":\"https:\\\/\\\/toulouseic.fr\\\/toulouseic.fr\\\/#organization\"},\"potentialAction\":[{\"@type\":\"SearchAction\",\"target\":{\"@type\":\"EntryPoint\",\"urlTemplate\":\"https:\\\/\\\/toulouseic.fr\\\/toulouseic.fr\\\/?s={search_term_string}\"},\"query-input\":{\"@type\":\"PropertyValueSpecification\",\"valueRequired\":true,\"valueName\":\"search_term_string\"}}],\"inLanguage\":\"fr-FR\"},{\"@type\":\"Organization\",\"@id\":\"https:\\\/\\\/toulouseic.fr\\\/toulouseic.fr\\\/#organization\",\"name\":\"Toulouse Iron Club\",\"url\":\"https:\\\/\\\/toulouseic.fr\\\/toulouseic.fr\\\/\",\"logo\":{\"@type\":\"ImageObject\",\"inLanguage\":\"fr-FR\",\"@id\":\"https:\\\/\\\/toulouseic.fr\\\/toulouseic.fr\\\/#\\\/schema\\\/logo\\\/image\\\/\",\"url\":\"https:\\\/\\\/toulouseic.fr\\\/toulouseic.fr\\\/wp-content\\\/uploads\\\/2022\\\/10\\\/Logo-officiel-decoupe.png\",\"contentUrl\":\"https:\\\/\\\/toulouseic.fr\\\/toulouseic.fr\\\/wp-content\\\/uploads\\\/2022\\\/10\\\/Logo-officiel-decoupe.png\",\"width\":500,\"height\":461,\"caption\":\"Toulouse Iron Club\"},\"image\":{\"@id\":\"https:\\\/\\\/toulouseic.fr\\\/toulouseic.fr\\\/#\\\/schema\\\/logo\\\/image\\\/\"}}]}<\/script>\n<!-- \/ Yoast SEO plugin. -->","yoast_head_json":{"title":"Articles - Toulouse Iron Club","robots":{"index":"index","follow":"follow","max-snippet":"max-snippet:-1","max-image-preview":"max-image-preview:large","max-video-preview":"max-video-preview:-1"},"canonical":"https:\/\/toulouseic.fr\/toulouseic.fr\/toulouse-iron-club-basket-fauteuil\/accueil\/articles\/","og_locale":"fr_FR","og_type":"article","og_title":"Articles - Toulouse Iron Club","og_description":"ACTU Les actus du TIC Changement \u00e0 la t\u00eate du Toulouse Iron Club Le Toulouse Iron Club est heureux d\u2019annoncer l\u2019arriv\u00e9e de Nadir AMGHAR en qualit\u00e9 d\u2019entra\u00eeneur principal. Fort de son exp\u00e9rience, il prendra officiellement ses fonctions d\u00e8s la rentr\u00e9e et mettra en place un programme de travail alliant rigueur, coh\u00e9sion et performance. Nous tenons [&hellip;]","og_url":"https:\/\/toulouseic.fr\/toulouseic.fr\/toulouse-iron-club-basket-fauteuil\/accueil\/articles\/","og_site_name":"Toulouse Iron Club","article_modified_time":"2025-12-30T14:05:08+00:00","og_image":[{"width":1124,"height":404,"url":"https:\/\/toulouseic.fr\/toulouseic.fr\/wp-content\/uploads\/2025\/12\/WhatsApp-Image-2025-12-27-at-10.43.42.jpeg","type":"image\/jpeg"}],"twitter_card":"summary_large_image","twitter_misc":{"Dur\u00e9e de lecture estim\u00e9e":"2 minutes"},"schema":{"@context":"https:\/\/schema.org","@graph":[{"@type":"WebPage","@id":"https:\/\/toulouseic.fr\/toulouseic.fr\/toulouse-iron-club-basket-fauteuil\/accueil\/articles\/","url":"https:\/\/toulouseic.fr\/toulouseic.fr\/toulouse-iron-club-basket-fauteuil\/accueil\/articles\/","name":"Articles - Toulouse Iron Club","isPartOf":{"@id":"https:\/\/toulouseic.fr\/toulouseic.fr\/#website"},"primaryImageOfPage":{"@id":"https:\/\/toulouseic.fr\/toulouseic.fr\/toulouse-iron-club-basket-fauteuil\/accueil\/articles\/#primaryimage"},"image":{"@id":"https:\/\/toulouseic.fr\/toulouseic.fr\/toulouse-iron-club-basket-fauteuil\/accueil\/articles\/#primaryimage"},"thumbnailUrl":"https:\/\/toulouseic.fr\/toulouseic.fr\/wp-content\/uploads\/2025\/12\/WhatsApp-Image-2025-12-27-at-10.43.42-1024x368.jpeg","datePublished":"2022-10-20T14:37:38+00:00","dateModified":"2025-12-30T14:05:08+00:00","breadcrumb":{"@id":"https:\/\/toulouseic.fr\/toulouseic.fr\/toulouse-iron-club-basket-fauteuil\/accueil\/articles\/#breadcrumb"},"inLanguage":"fr-FR","potentialAction":[{"@type":"ReadAction","target":["https:\/\/toulouseic.fr\/toulouseic.fr\/toulouse-iron-club-basket-fauteuil\/accueil\/articles\/"]}]},{"@type":"ImageObject","inLanguage":"fr-FR","@id":"https:\/\/toulouseic.fr\/toulouseic.fr\/toulouse-iron-club-basket-fauteuil\/accueil\/articles\/#primaryimage","url":"https:\/\/toulouseic.fr\/toulouseic.fr\/wp-content\/uploads\/2025\/12\/WhatsApp-Image-2025-12-27-at-10.43.42.jpeg","contentUrl":"https:\/\/toulouseic.fr\/toulouseic.fr\/wp-content\/uploads\/2025\/12\/WhatsApp-Image-2025-12-27-at-10.43.42.jpeg","width":1124,"height":404},{"@type":"BreadcrumbList","@id":"https:\/\/toulouseic.fr\/toulouseic.fr\/toulouse-iron-club-basket-fauteuil\/accueil\/articles\/#breadcrumb","itemListElement":[{"@type":"ListItem","position":1,"name":"Accueil","item":"https:\/\/toulouseic.fr\/toulouseic.fr\/"},{"@type":"ListItem","position":2,"name":"Home","item":"https:\/\/toulouseic.fr\/toulouseic.fr\/"},{"@type":"ListItem","position":3,"name":"Accueil (22)","item":"https:\/\/toulouseic.fr\/toulouseic.fr\/toulouse-iron-club-basket-fauteuil\/accueil\/"},{"@type":"ListItem","position":4,"name":"Articles"}]},{"@type":"WebSite","@id":"https:\/\/toulouseic.fr\/toulouseic.fr\/#website","url":"https:\/\/toulouseic.fr\/toulouseic.fr\/","name":"Toulouse Iron Club","description":"Un esprit, une \u00e9quipe, un vainqueur ... Le sport","publisher":{"@id":"https:\/\/toulouseic.fr\/toulouseic.fr\/#organization"},"potentialAction":[{"@type":"SearchAction","target":{"@type":"EntryPoint","urlTemplate":"https:\/\/toulouseic.fr\/toulouseic.fr\/?s={search_term_string}"},"query-input":{"@type":"PropertyValueSpecification","valueRequired":true,"valueName":"search_term_string"}}],"inLanguage":"fr-FR"},{"@type":"Organization","@id":"https:\/\/toulouseic.fr\/toulouseic.fr\/#organization","name":"Toulouse Iron Club","url":"https:\/\/toulouseic.fr\/toulouseic.fr\/","logo":{"@type":"ImageObject","inLanguage":"fr-FR","@id":"https:\/\/toulouseic.fr\/toulouseic.fr\/#\/schema\/logo\/image\/","url":"https:\/\/toulouseic.fr\/toulouseic.fr\/wp-content\/uploads\/2022\/10\/Logo-officiel-decoupe.png","contentUrl":"https:\/\/toulouseic.fr\/toulouseic.fr\/wp-content\/uploads\/2022\/10\/Logo-officiel-decoupe.png","width":500,"height":461,"caption":"Toulouse Iron Club"},"image":{"@id":"https:\/\/toulouseic.fr\/toulouseic.fr\/#\/schema\/logo\/image\/"}}]}},"_links":{"self":[{"href":"https:\/\/toulouseic.fr\/toulouseic.fr\/wp-json\/wp\/v2\/pages\/1426","targetHints":{"allow":["GET"]}}],"collection":[{"href":"https:\/\/toulouseic.fr\/toulouseic.fr\/wp-json\/wp\/v2\/pages"}],"about":[{"href":"https:\/\/toulouseic.fr\/toulouseic.fr\/wp-json\/wp\/v2\/types\/page"}],"author":[{"embeddable":true,"href":"https:\/\/toulouseic.fr\/toulouseic.fr\/wp-json\/wp\/v2\/users\/1"}],"replies":[{"embeddable":true,"href":"https:\/\/toulouseic.fr\/toulouseic.fr\/wp-json\/wp\/v2\/comments?post=1426"}],"version-history":[{"count":118,"href":"https:\/\/toulouseic.fr\/toulouseic.fr\/wp-json\/wp\/v2\/pages\/1426\/revisions"}],"predecessor-version":[{"id":3748,"href":"https:\/\/toulouseic.fr\/toulouseic.fr\/wp-json\/wp\/v2\/pages\/1426\/revisions\/3748"}],"up":[{"embeddable":true,"href":"https:\/\/toulouseic.fr\/toulouseic.fr\/wp-json\/wp\/v2\/pages\/170"}],"wp:attachment":[{"href":"https:\/\/toulouseic.fr\/toulouseic.fr\/wp-json\/wp\/v2\/media?parent=1426"}],"curies":[{"name":"wp","href":"https:\/\/api.w.org\/{rel}","templated":true}]}}